{"id":1542,"date":"2021-10-28T00:38:50","date_gmt":"2021-10-27T22:38:50","guid":{"rendered":"https:\/\/wellclinic.pl\/?page_id=1542"},"modified":"2025-12-17T16:55:45","modified_gmt":"2025-12-17T15:55:45","slug":"ideale-pobacken","status":"publish","type":"page","link":"https:\/\/wellclinic.pl\/de\/oferta\/idealne-posladki\/","title":{"rendered":"Perfekte Arschbacken"},"content":{"rendered":"<div data-elementor-type=\"wp-page\" data-elementor-id=\"1542\" class=\"elementor elementor-1542\" data-elementor-post-type=\"page\">\n\t\t\t\t\t\t<section class=\"elementor-section elementor-top-section elementor-element elementor-element-3f30688 elementor-section-boxed elementor-section-height-default elementor-section-height-default jltma-glass-effect-no\" data-id=\"3f30688\" data-element_type=\"section\" data-e-type=\"section\" data-settings=\"{&quot;background_background&quot;:&quot;classic&quot;}\">\n\t\t\t\t\t\t<div class=\"elementor-container elementor-column-gap-default\">\n\t\t\t\t\t<div class=\"elementor-column elementor-col-100 elementor-top-column elementor-element elementor-element-10f3944 jltma-glass-effect-no\" data-id=\"10f3944\" data-element_type=\"column\" data-e-type=\"column\">\n\t\t\t<div class=\"elementor-widget-wrap elementor-element-populated\">\n\t\t\t\t\t\t<div class=\"elementor-element elementor-element-7ac6477 jltma-glass-effect-no elementor-widget elementor-widget-shortcode\" data-id=\"7ac6477\" data-element_type=\"widget\" data-e-type=\"widget\" data-widget_type=\"shortcode.default\">\n\t\t\t\t<div class=\"elementor-widget-container\">\n\t\t\t\t\t\t\t<div class=\"elementor-shortcode\"><h1 class=\"shortocde-global-h1-site-title\">Der perfekte Po<\/h1><p class=\"shortcode-global-promotion-text\">Nur bis zum 10.04.2026!<\/p><p class=\"shortcode-global-price-text\">Kommen Sie zur ersten Behandlung f\u00fcr 95 z\u0142\u200b<\/p><\/div>\n\t\t\t\t\t\t<\/div>\n\t\t\t\t<\/div>\n\t\t\t\t\t<\/div>\n\t\t<\/div>\n\t\t\t\t\t<\/div>\n\t\t<\/section>\n\t\t\t\t<section class=\"elementor-section elementor-top-section elementor-element elementor-element-2e5ca97 elementor-section-content-middle elementor-section-boxed elementor-section-height-default elementor-section-height-default jltma-glass-effect-no\" data-id=\"2e5ca97\" data-element_type=\"section\" data-e-type=\"section\" data-settings=\"{&quot;background_background&quot;:&quot;classic&quot;}\">\n\t\t\t\t\t\t<div class=\"elementor-container elementor-column-gap-no\">\n\t\t\t\t\t<div class=\"elementor-column elementor-col-50 elementor-top-column elementor-element elementor-element-6a7ed25e jltma-glass-effect-no\" data-id=\"6a7ed25e\" data-element_type=\"column\" data-e-type=\"column\">\n\t\t\t<div class=\"elementor-widget-wrap elementor-element-populated\">\n\t\t\t\t\t\t<div class=\"elementor-element elementor-element-17e1e7a7 jltma-glass-effect-no elementor-widget elementor-widget-heading\" data-id=\"17e1e7a7\" data-element_type=\"widget\" data-e-type=\"widget\" data-widget_type=\"heading.default\">\n\t\t\t\t<div class=\"elementor-widget-container\">\n\t\t\t\t\t<h2 class=\"elementor-heading-title elementor-size-default\">Stellen Sie sich ein Leben in vollkommener Gesundheit, voller innerer St\u00e4rke.<\/h2>\t\t\t\t<\/div>\n\t\t\t\t<\/div>\n\t\t\t\t<div class=\"elementor-element elementor-element-8919612 jltma-glass-effect-no elementor-widget elementor-widget-text-editor\" data-id=\"8919612\" data-element_type=\"widget\" data-e-type=\"widget\" data-widget_type=\"text-editor.default\">\n\t\t\t\t<div class=\"elementor-widget-container\">\n\t\t\t\t\t\t\t\t\t<p style=\"text-align: center;\">Gesundheit, Jugend und Entspannung in der besten Klinik f\u00fcr \u00e4sthetische Medizin in Warschau, Gdansk und Krakau.<\/p>\t\t\t\t\t\t\t\t<\/div>\n\t\t\t\t<\/div>\n\t\t\t\t<div class=\"elementor-element elementor-element-1ecece2c jltma-glass-effect-no elementor-widget elementor-widget-text-editor\" data-id=\"1ecece2c\" data-element_type=\"widget\" data-e-type=\"widget\" data-widget_type=\"text-editor.default\">\n\t\t\t\t<div class=\"elementor-widget-container\">\n\t\t\t\t\t\t\t\t\t<p style=\"text-align: center;\">Vereinbaren Sie einen Termin f\u00fcr eine kostenlose Beratung<\/p>\t\t\t\t\t\t\t\t<\/div>\n\t\t\t\t<\/div>\n\t\t\t\t\t<\/div>\n\t\t<\/div>\n\t\t\t\t<div class=\"elementor-column elementor-col-50 elementor-top-column elementor-element elementor-element-1751739f jltma-glass-effect-no\" data-id=\"1751739f\" data-element_type=\"column\" data-e-type=\"column\">\n\t\t\t<div class=\"elementor-widget-wrap elementor-element-populated\">\n\t\t\t\t\t\t<div class=\"elementor-element elementor-element-7f0e70b jltma-glass-effect-no elementor-widget elementor-widget-image\" data-id=\"7f0e70b\" data-element_type=\"widget\" data-e-type=\"widget\" data-widget_type=\"image.default\">\n\t\t\t\t<div class=\"elementor-widget-container\">\n\t\t\t\t\t\t\t\t\t\t\t\t\t\t\t<img fetchpriority=\"high\" decoding=\"async\" width=\"838\" height=\"650\" src=\"https:\/\/wellclinic.pl\/wp-content\/uploads\/2021\/10\/Zielony-przerywnik-3-1.jpg\" class=\"attachment-full size-full wp-image-1290\" alt=\"\" srcset=\"https:\/\/wellclinic.pl\/wp-content\/uploads\/2021\/10\/Zielony-przerywnik-3-1.jpg 838w, https:\/\/wellclinic.pl\/wp-content\/uploads\/2021\/10\/Zielony-przerywnik-3-1-300x233.jpg 300w, https:\/\/wellclinic.pl\/wp-content\/uploads\/2021\/10\/Zielony-przerywnik-3-1-768x596.jpg 768w\" sizes=\"(max-width: 838px) 100vw, 838px\" \/>\t\t\t\t\t\t\t\t\t\t\t\t\t\t\t<\/div>\n\t\t\t\t<\/div>\n\t\t\t\t\t<\/div>\n\t\t<\/div>\n\t\t\t\t\t<\/div>\n\t\t<\/section>\n\t\t\t\t<section class=\"elementor-section elementor-top-section elementor-element elementor-element-a869194 elementor-section-boxed elementor-section-height-default elementor-section-height-default jltma-glass-effect-no\" data-id=\"a869194\" data-element_type=\"section\" data-e-type=\"section\" data-settings=\"{&quot;background_background&quot;:&quot;classic&quot;}\">\n\t\t\t\t\t\t<div class=\"elementor-container elementor-column-gap-default\">\n\t\t\t\t\t<div class=\"elementor-column elementor-col-100 elementor-top-column elementor-element elementor-element-02db8ac jltma-glass-effect-no\" data-id=\"02db8ac\" data-element_type=\"column\" data-e-type=\"column\">\n\t\t\t<div class=\"elementor-widget-wrap elementor-element-populated\">\n\t\t\t\t\t\t<div class=\"elementor-element elementor-element-0b5cfd4 jltma-glass-effect-no elementor-widget elementor-widget-heading\" data-id=\"0b5cfd4\" data-element_type=\"widget\" data-e-type=\"widget\" data-widget_type=\"heading.default\">\n\t\t\t\t<div class=\"elementor-widget-container\">\n\t\t\t\t\t<h2 class=\"elementor-heading-title elementor-size-default\"><br><\/h2>\t\t\t\t<\/div>\n\t\t\t\t<\/div>\n\t\t\t\t<section class=\"elementor-section elementor-inner-section elementor-element elementor-element-82d5111 elementor-section-boxed elementor-section-height-default elementor-section-height-default jltma-glass-effect-no\" data-id=\"82d5111\" data-element_type=\"section\" data-e-type=\"section\">\n\t\t\t\t\t\t<div class=\"elementor-container elementor-column-gap-default\">\n\t\t\t\t\t<div class=\"elementor-column elementor-col-100 elementor-inner-column elementor-element elementor-element-07fbbf1 jltma-glass-effect-no\" data-id=\"07fbbf1\" data-element_type=\"column\" data-e-type=\"column\">\n\t\t\t<div class=\"elementor-widget-wrap elementor-element-populated\">\n\t\t\t\t\t\t<div class=\"elementor-element elementor-element-5e9d49b jltma-glass-effect-no elementor-widget elementor-widget-shortcode\" data-id=\"5e9d49b\" data-element_type=\"widget\" data-e-type=\"widget\" data-widget_type=\"shortcode.default\">\n\t\t\t\t<div class=\"elementor-widget-container\">\n\t\t\t\t\t\t\t<div class=\"elementor-shortcode\">\t\t<div data-elementor-type=\"wp-post\" data-elementor-id=\"47162\" class=\"elementor elementor-47162\" data-elementor-post-type=\"ae_global_templates\">\n\t\t\t\t\t\t<section class=\"elementor-section elementor-top-section elementor-element elementor-element-343d0e1 contact elementor-section-boxed elementor-section-height-default elementor-section-height-default jltma-glass-effect-no\" data-id=\"343d0e1\" data-element_type=\"section\" data-e-type=\"section\" data-settings=\"{&quot;background_background&quot;:&quot;classic&quot;}\">\n\t\t\t\t\t\t<div class=\"elementor-container elementor-column-gap-default\">\n\t\t\t\t\t<div class=\"elementor-column elementor-col-100 elementor-top-column elementor-element elementor-element-a55c776 jltma-glass-effect-no\" data-id=\"a55c776\" data-element_type=\"column\" data-e-type=\"column\">\n\t\t\t<div class=\"elementor-widget-wrap elementor-element-populated\">\n\t\t\t\t\t\t<div class=\"elementor-element elementor-element-68a257f jltma-glass-effect-no elementor-widget elementor-widget-heading\" data-id=\"68a257f\" data-element_type=\"widget\" data-e-type=\"widget\" data-widget_type=\"heading.default\">\n\t\t\t\t<div class=\"elementor-widget-container\">\n\t\t\t\t\t<h2 class=\"elementor-heading-title elementor-size-default\">Buchen Sie Ihren Besuch<\/h2>\t\t\t\t<\/div>\n\t\t\t\t<\/div>\n\t\t\t\t<section class=\"elementor-section elementor-inner-section elementor-element elementor-element-2a347bc elementor-section-boxed elementor-section-height-default elementor-section-height-default jltma-glass-effect-no\" data-id=\"2a347bc\" data-element_type=\"section\" data-e-type=\"section\">\n\t\t\t\t\t\t<div class=\"elementor-container elementor-column-gap-default\">\n\t\t\t\t\t<div class=\"elementor-column elementor-col-100 elementor-inner-column elementor-element elementor-element-24cc46c jltma-glass-effect-no\" data-id=\"24cc46c\" data-element_type=\"column\" data-e-type=\"column\">\n\t\t\t<div class=\"elementor-widget-wrap elementor-element-populated\">\n\t\t\t\t\t\t<div class=\"elementor-element elementor-element-9f8b192 jltma-glass-effect-no elementor-widget elementor-widget-text-editor\" data-id=\"9f8b192\" data-element_type=\"widget\" data-e-type=\"widget\" data-widget_type=\"text-editor.default\">\n\t\t\t\t<div class=\"elementor-widget-container\">\n\t\t\t\t\t\t\t\t\t<p>Rufen Sie  an.<\/p>\t\t\t\t\t\t\t\t<\/div>\n\t\t\t\t<\/div>\n\t\t\t\t<div class=\"elementor-element elementor-element-28b7132 jltma-glass-effect-no elementor-widget elementor-widget-text-editor\" data-id=\"28b7132\" data-element_type=\"widget\" data-e-type=\"widget\" data-widget_type=\"text-editor.default\">\n\t\t\t\t<div class=\"elementor-widget-container\">\n\t\t\t\t\t\t\t\t\t<p>wir vereinbaren einen Termin f\u00fcr Sie<\/p>\t\t\t\t\t\t\t\t<\/div>\n\t\t\t\t<\/div>\n\t\t\t\t<div class=\"elementor-element elementor-element-613225a elementor-mobile-align-center elementor-align-center elementor-icon-list--layout-traditional elementor-list-item-link-full_width jltma-glass-effect-no elementor-widget elementor-widget-icon-list\" data-id=\"613225a\" data-element_type=\"widget\" data-e-type=\"widget\" data-widget_type=\"icon-list.default\">\n\t\t\t\t<div class=\"elementor-widget-container\">\n\t\t\t\t\t\t\t<ul class=\"elementor-icon-list-items\">\n\t\t\t\t\t\t\t<li class=\"elementor-icon-list-item\">\n\t\t\t\t\t\t\t\t\t\t\t<span class=\"elementor-icon-list-icon\">\n\t\t\t\t\t\t\t<i aria-hidden=\"true\" class=\"fas fa-phone-alt\"><\/i>\t\t\t\t\t\t<\/span>\n\t\t\t\t\t\t\t\t\t\t<span class=\"elementor-icon-list-text\"><a href=\"tel:+48600100177\">+48 600 100 177<\/a><\/span>\n\t\t\t\t\t\t\t\t\t<\/li>\n\t\t\t\t\t\t<\/ul>\n\t\t\t\t\t\t<\/div>\n\t\t\t\t<\/div>\n\t\t\t\t\t<\/div>\n\t\t<\/div>\n\t\t\t\t\t<\/div>\n\t\t<\/section>\n\t\t\t\t\t<\/div>\n\t\t<\/div>\n\t\t\t\t\t<\/div>\n\t\t<\/section>\n\t\t\t\t<\/div>\n\t\t<\/div>\n\t\t\t\t\t\t<\/div>\n\t\t\t\t<\/div>\n\t\t\t\t<div class=\"elementor-element elementor-element-6fbb426 jltma-glass-effect-no elementor-widget elementor-widget-heading\" data-id=\"6fbb426\" data-element_type=\"widget\" data-e-type=\"widget\" data-widget_type=\"heading.default\">\n\t\t\t\t<div class=\"elementor-widget-container\">\n\t\t\t\t\t<h2 class=\"elementor-heading-title elementor-size-default\">Kontaktformular<\/h2>\t\t\t\t<\/div>\n\t\t\t\t<\/div>\n\t\t\t\t<div class=\"elementor-element elementor-element-5d2ed2d jltma-glass-effect-no elementor-widget elementor-widget-shortcode\" data-id=\"5d2ed2d\" data-element_type=\"widget\" data-e-type=\"widget\" data-widget_type=\"shortcode.default\">\n\t\t\t\t<div class=\"elementor-widget-container\">\n\t\t\t\t\t\t\t<div class=\"elementor-shortcode\">\n<div class=\"wpcf7 no-js\" id=\"wpcf7-f46275-o1\" lang=\"pl-PL\" dir=\"ltr\" data-wpcf7-id=\"46275\">\n<div class=\"screen-reader-response\"><p role=\"status\" aria-live=\"polite\" aria-atomic=\"true\"><\/p> <ul><\/ul><\/div>\n<form action=\"\/de\/wp-json\/wp\/v2\/pages\/1542#wpcf7-f46275-o1\" method=\"post\" class=\"wpcf7-form init\" aria-label=\"Kontaktformular\" novalidate=\"novalidate\" data-status=\"init\" data-trp-original-action=\"\/de\/wp-json\/wp\/v2\/pages\/1542#wpcf7-f46275-o1\">\n<fieldset class=\"hidden-fields-container\"><input type=\"hidden\" name=\"_wpcf7\" value=\"46275\" \/><input type=\"hidden\" name=\"_wpcf7_version\" value=\"6.1.5\" \/><input type=\"hidden\" name=\"_wpcf7_locale\" value=\"pl_PL\" \/><input type=\"hidden\" name=\"_wpcf7_unit_tag\" value=\"wpcf7-f46275-o1\" \/><input type=\"hidden\" name=\"_wpcf7_container_post\" value=\"0\" \/><input type=\"hidden\" name=\"_wpcf7_posted_data_hash\" value=\"\" \/>\n<\/fieldset>\n<p><label> Name<br \/>\n<span class=\"wpcf7-form-control-wrap\" data-name=\"your-name\"><input size=\"40\" maxlength=\"400\" class=\"wpcf7-form-control wpcf7-text wpcf7-validates-as-required\" autocomplete=\"name\" aria-required=\"true\" aria-invalid=\"false\" value=\"\" type=\"text\" name=\"your-name\" \/><\/span> <\/label>\n<\/p>\n<div class=\"e-mail-phone-section\">\n\t<p><label> E-Mail-Adresse<br \/>\n<span class=\"wpcf7-form-control-wrap\" data-name=\"your-email\"><input size=\"40\" maxlength=\"400\" class=\"wpcf7-form-control wpcf7-email wpcf7-validates-as-required wpcf7-text wpcf7-validates-as-email\" autocomplete=\"email\" aria-required=\"true\" aria-invalid=\"false\" value=\"\" type=\"email\" name=\"your-email\" \/><\/span> <\/label>\n\t<\/p>\n\t<p><label> Telefonnummer<br \/>\n<span class=\"wpcf7-form-control-wrap\" data-name=\"numer-telefonu\"><input size=\"40\" maxlength=\"400\" class=\"wpcf7-form-control wpcf7-tel wpcf7-text wpcf7-validates-as-tel\" aria-invalid=\"false\" value=\"\" type=\"tel\" name=\"numer-telefonu\" \/><\/span> <\/label>\n\t<\/p>\n<\/div>\n<p><label> W\u00e4hlen Sie eine Stadt<br \/>\n<span class=\"wpcf7-form-control-wrap\" data-name=\"miasto\"><select class=\"wpcf7-form-control wpcf7-select wpcf7-validates-as-required\" aria-required=\"true\" aria-invalid=\"false\" name=\"miasto\"><option value=\"Warszawa\">Warschau<\/option><option value=\"Gda\u0144sk\">Danzig<\/option><option value=\"Krak\u00f3w\">Krakau<\/option><\/select><\/span><\/label>\n<\/p>\n<p><label> Ihre Nachricht<br \/>\n<span class=\"wpcf7-form-control-wrap\" data-name=\"wiadomosc\"><textarea cols=\"10\" rows=\"4\" maxlength=\"2000\" class=\"wpcf7-form-control wpcf7-textarea wpcf7-validates-as-required\" aria-required=\"true\" aria-invalid=\"false\" name=\"wiadomosc\"><\/textarea><\/span> <\/label>\n<\/p>\n<p><span class=\"wpcf7-form-control-wrap\" data-name=\"acceptance-201\"><span class=\"wpcf7-form-control wpcf7-acceptance\"><span class=\"wpcf7-list-item\"><label><input type=\"checkbox\" name=\"acceptance-201\" value=\"1\" aria-invalid=\"false\" \/><span class=\"wpcf7-list-item-label\">Ich akzeptiere  <a href=\"https:\/\/wellclinic.pl\/de\/datenschutzbestimmungen\/?swcfpc=1\" target=\"_blank\">Datenschutzerkl\u00e4rung<\/a><\/span><\/label><\/span><\/span><\/span>\n<\/p>\n<div class=\"wpcf7-turnstile cf-turnstile\" data-sitekey=\"0x4AAAAAAB9w8R5f6HgC6PfO\" data-response-field-name=\"_wpcf7_turnstile_response\" data-size=\"flexible\" data-language=\"pl\"><\/div>\n<center>\n\t<p><input class=\"wpcf7-form-control wpcf7-submit has-spinner\" type=\"submit\" value=\"Senden\" \/>\n\t<\/p>\n<\/center><div class=\"wpcf7-response-output\" aria-hidden=\"true\"><\/div>\n<input type=\"hidden\" name=\"trp-form-language\" value=\"de\"\/><\/form>\n<\/div>\n<\/div>\n\t\t\t\t\t\t<\/div>\n\t\t\t\t<\/div>\n\t\t\t\t\t<\/div>\n\t\t<\/div>\n\t\t\t\t\t<\/div>\n\t\t<\/section>\n\t\t\t\t\t<\/div>\n\t\t<\/div>\n\t\t\t\t\t<\/div>\n\t\t<\/section>\n\t\t\t\t<\/div>","protected":false},"excerpt":{"rendered":"<p>Stellen Sie sich ein Leben in bester Gesundheit und voller innerer Kraft vor. Gesundheit, Jugend und Entspannung in der besten Klinik f\u00fcr \u00e4sthetische Medizin in Warschau, Danzig und Krakau. Vereinbaren Sie einen kostenlosen Beratungstermin Kontaktformular<\/p>","protected":false},"author":15,"featured_media":5015,"parent":1214,"menu_order":0,"comment_status":"closed","ping_status":"open","template":"","meta":{"_acf_changed":false,"footnotes":""},"class_list":["post-1542","page","type-page","status-publish","has-post-thumbnail","hentry"],"acf":[],"yoast_head":"<!-- This site is optimized with the Yoast SEO Premium plugin v21.1 (Yoast SEO v27.1.1) - https:\/\/yoast.com\/product\/yoast-seo-premium-wordpress\/ -->\n<title>Brazylijskie po\u015bladki - lifting laserowy i modelowanie po\u015bladk\u00f3w | Warszawa i Gda\u0144sk<\/title>\n<meta name=\"description\" content=\"Zabieg idealne po\u015bladki obejmuje lifting laserowy oraz modelowanie po\u015bladk\u00f3w. Usuni\u0119cie tkanki t\u0142uszczowej oraz uj\u0119drnienie po\u015bladk\u00f3w.\" \/>\n<meta name=\"robots\" content=\"index, follow, max-snippet:-1, max-image-preview:large, max-video-preview:-1\" \/>\n<link rel=\"canonical\" href=\"https:\/\/wellclinic.pl\/de\/angebot\/ideale-pobacken\/\" \/>\n<meta property=\"og:locale\" content=\"de_DE\" \/>\n<meta property=\"og:type\" content=\"article\" \/>\n<meta property=\"og:title\" content=\"Idealne po\u015bladki\" \/>\n<meta property=\"og:description\" content=\"Zabieg idealne po\u015bladki obejmuje lifting laserowy oraz modelowanie po\u015bladk\u00f3w. Usuni\u0119cie tkanki t\u0142uszczowej oraz uj\u0119drnienie po\u015bladk\u00f3w.\" \/>\n<meta property=\"og:url\" content=\"https:\/\/wellclinic.pl\/de\/angebot\/ideale-pobacken\/\" \/>\n<meta property=\"og:site_name\" content=\"Wellclinic\" \/>\n<meta property=\"article:modified_time\" content=\"2025-12-17T15:55:45+00:00\" \/>\n<meta property=\"og:image\" content=\"https:\/\/wellclinic.pl\/wp-content\/uploads\/2022\/03\/lifting-posladkow.png\" \/>\n\t<meta property=\"og:image:width\" content=\"940\" \/>\n\t<meta property=\"og:image:height\" content=\"788\" \/>\n\t<meta property=\"og:image:type\" content=\"image\/png\" \/>\n<meta name=\"twitter:card\" content=\"summary_large_image\" \/>\n<meta name=\"twitter:label1\" content=\"Gesch\u00e4tzte Lesezeit\" \/>\n\t<meta name=\"twitter:data1\" content=\"1\u00a0Minute\" \/>\n<script type=\"application\/ld+json\" class=\"yoast-schema-graph\">{\"@context\":\"https:\/\/schema.org\",\"@graph\":[{\"@type\":\"WebPage\",\"@id\":\"https:\/\/wellclinic.pl\/oferta\/idealne-posladki\/\",\"url\":\"https:\/\/wellclinic.pl\/oferta\/idealne-posladki\/\",\"name\":\"Brazylijskie po\u015bladki - lifting laserowy i modelowanie po\u015bladk\u00f3w | Warszawa i Gda\u0144sk\",\"isPartOf\":{\"@id\":\"https:\/\/wellclinic.pl\/#website\"},\"primaryImageOfPage\":{\"@id\":\"https:\/\/wellclinic.pl\/oferta\/idealne-posladki\/#primaryimage\"},\"image\":{\"@id\":\"https:\/\/wellclinic.pl\/oferta\/idealne-posladki\/#primaryimage\"},\"thumbnailUrl\":\"https:\/\/wellclinic.pl\/wp-content\/uploads\/2022\/03\/lifting-posladkow.png\",\"datePublished\":\"2021-10-27T22:38:50+00:00\",\"dateModified\":\"2025-12-17T15:55:45+00:00\",\"description\":\"Zabieg idealne po\u015bladki obejmuje lifting laserowy oraz modelowanie po\u015bladk\u00f3w. Usuni\u0119cie tkanki t\u0142uszczowej oraz uj\u0119drnienie po\u015bladk\u00f3w.\",\"breadcrumb\":{\"@id\":\"https:\/\/wellclinic.pl\/oferta\/idealne-posladki\/#breadcrumb\"},\"inLanguage\":\"de\",\"potentialAction\":[{\"@type\":\"ReadAction\",\"target\":[\"https:\/\/wellclinic.pl\/oferta\/idealne-posladki\/\"]}]},{\"@type\":\"ImageObject\",\"inLanguage\":\"de\",\"@id\":\"https:\/\/wellclinic.pl\/oferta\/idealne-posladki\/#primaryimage\",\"url\":\"https:\/\/wellclinic.pl\/wp-content\/uploads\/2022\/03\/lifting-posladkow.png\",\"contentUrl\":\"https:\/\/wellclinic.pl\/wp-content\/uploads\/2022\/03\/lifting-posladkow.png\",\"width\":940,\"height\":788,\"caption\":\"lifting laserowy i modelowanie po\u015bladk\u00f3w\"},{\"@type\":\"BreadcrumbList\",\"@id\":\"https:\/\/wellclinic.pl\/oferta\/idealne-posladki\/#breadcrumb\",\"itemListElement\":[{\"@type\":\"ListItem\",\"position\":1,\"name\":\"Strona g\u0142\u00f3wna\",\"item\":\"https:\/\/wellclinic.pl\/\"},{\"@type\":\"ListItem\",\"position\":2,\"name\":\"Oferta\",\"item\":\"https:\/\/wellclinic.pl\/oferta\/\"},{\"@type\":\"ListItem\",\"position\":3,\"name\":\"Idealne po\u015bladki\"}]},{\"@type\":\"WebSite\",\"@id\":\"https:\/\/wellclinic.pl\/#website\",\"url\":\"https:\/\/wellclinic.pl\/\",\"name\":\"Wellclinic Klinika Medycyny Estetycznej - Warszawa i Gda\u0144sk\",\"description\":\"Klinika Medycyny Estetycznej - Warszawa i Gda\u0144sk\",\"potentialAction\":[{\"@type\":\"SearchAction\",\"target\":{\"@type\":\"EntryPoint\",\"urlTemplate\":\"https:\/\/wellclinic.pl\/?s={search_term_string}\"},\"query-input\":{\"@type\":\"PropertyValueSpecification\",\"valueRequired\":true,\"valueName\":\"search_term_string\"}}],\"inLanguage\":\"de\"}]}<\/script>\n<!-- \/ Yoast SEO Premium plugin. -->","yoast_head_json":{"title":"Brasilianisches Ges\u00e4\u00df - Laserlifting und Modellierung des Ges\u00e4\u00dfes | Warschau und Gdansk","description":"Die ideale Ges\u00e4\u00dfbehandlung umfasst Laserlifting und Ges\u00e4\u00dfformung. Entfernung von Fettgewebe und Straffung des Ges\u00e4\u00dfes.","robots":{"index":"index","follow":"follow","max-snippet":"max-snippet:-1","max-image-preview":"max-image-preview:large","max-video-preview":"max-video-preview:-1"},"canonical":"https:\/\/wellclinic.pl\/de\/angebot\/ideale-pobacken\/","og_locale":"de_DE","og_type":"article","og_title":"Idealne po\u015bladki","og_description":"Zabieg idealne po\u015bladki obejmuje lifting laserowy oraz modelowanie po\u015bladk\u00f3w. Usuni\u0119cie tkanki t\u0142uszczowej oraz uj\u0119drnienie po\u015bladk\u00f3w.","og_url":"https:\/\/wellclinic.pl\/de\/angebot\/ideale-pobacken\/","og_site_name":"Wellclinic","article_modified_time":"2025-12-17T15:55:45+00:00","og_image":[{"width":940,"height":788,"url":"https:\/\/wellclinic.pl\/wp-content\/uploads\/2022\/03\/lifting-posladkow.png","type":"image\/png"}],"twitter_card":"summary_large_image","twitter_misc":{"Gesch\u00e4tzte Lesezeit":"1\u00a0Minute"},"schema":{"@context":"https:\/\/schema.org","@graph":[{"@type":"WebPage","@id":"https:\/\/wellclinic.pl\/oferta\/idealne-posladki\/","url":"https:\/\/wellclinic.pl\/oferta\/idealne-posladki\/","name":"Brasilianisches Ges\u00e4\u00df - Laserlifting und Modellierung des Ges\u00e4\u00dfes | Warschau und Gdansk","isPartOf":{"@id":"https:\/\/wellclinic.pl\/#website"},"primaryImageOfPage":{"@id":"https:\/\/wellclinic.pl\/oferta\/idealne-posladki\/#primaryimage"},"image":{"@id":"https:\/\/wellclinic.pl\/oferta\/idealne-posladki\/#primaryimage"},"thumbnailUrl":"https:\/\/wellclinic.pl\/wp-content\/uploads\/2022\/03\/lifting-posladkow.png","datePublished":"2021-10-27T22:38:50+00:00","dateModified":"2025-12-17T15:55:45+00:00","description":"Die ideale Ges\u00e4\u00dfbehandlung umfasst Laserlifting und Ges\u00e4\u00dfformung. Entfernung von Fettgewebe und Straffung des Ges\u00e4\u00dfes.","breadcrumb":{"@id":"https:\/\/wellclinic.pl\/oferta\/idealne-posladki\/#breadcrumb"},"inLanguage":"de","potentialAction":[{"@type":"ReadAction","target":["https:\/\/wellclinic.pl\/oferta\/idealne-posladki\/"]}]},{"@type":"ImageObject","inLanguage":"de","@id":"https:\/\/wellclinic.pl\/oferta\/idealne-posladki\/#primaryimage","url":"https:\/\/wellclinic.pl\/wp-content\/uploads\/2022\/03\/lifting-posladkow.png","contentUrl":"https:\/\/wellclinic.pl\/wp-content\/uploads\/2022\/03\/lifting-posladkow.png","width":940,"height":788,"caption":"lifting laserowy i modelowanie po\u015bladk\u00f3w"},{"@type":"BreadcrumbList","@id":"https:\/\/wellclinic.pl\/oferta\/idealne-posladki\/#breadcrumb","itemListElement":[{"@type":"ListItem","position":1,"name":"Strona g\u0142\u00f3wna","item":"https:\/\/wellclinic.pl\/"},{"@type":"ListItem","position":2,"name":"Oferta","item":"https:\/\/wellclinic.pl\/oferta\/"},{"@type":"ListItem","position":3,"name":"Idealne po\u015bladki"}]},{"@type":"WebSite","@id":"https:\/\/wellclinic.pl\/#website","url":"https:\/\/wellclinic.pl\/","name":"Wellclinic Klinik f\u00fcr \u00e4sthetische Medizin-Warschau und Danzig","description":"Klinik f\u00fcr \u00e4sthetische Medizin-Warschau und Danzig","potentialAction":[{"@type":"SearchAction","target":{"@type":"EntryPoint","urlTemplate":"https:\/\/wellclinic.pl\/?s={search_term_string}"},"query-input":{"@type":"PropertyValueSpecification","valueRequired":true,"valueName":"search_term_string"}}],"inLanguage":"de"}]}},"_links":{"self":[{"href":"https:\/\/wellclinic.pl\/de\/wp-json\/wp\/v2\/pages\/1542","targetHints":{"allow":["GET"]}}],"collection":[{"href":"https:\/\/wellclinic.pl\/de\/wp-json\/wp\/v2\/pages"}],"about":[{"href":"https:\/\/wellclinic.pl\/de\/wp-json\/wp\/v2\/types\/page"}],"author":[{"embeddable":true,"href":"https:\/\/wellclinic.pl\/de\/wp-json\/wp\/v2\/users\/15"}],"replies":[{"embeddable":true,"href":"https:\/\/wellclinic.pl\/de\/wp-json\/wp\/v2\/comments?post=1542"}],"version-history":[{"count":6,"href":"https:\/\/wellclinic.pl\/de\/wp-json\/wp\/v2\/pages\/1542\/revisions"}],"predecessor-version":[{"id":47521,"href":"https:\/\/wellclinic.pl\/de\/wp-json\/wp\/v2\/pages\/1542\/revisions\/47521"}],"up":[{"embeddable":true,"href":"https:\/\/wellclinic.pl\/de\/wp-json\/wp\/v2\/pages\/1214"}],"wp:featuredmedia":[{"embeddable":true,"href":"https:\/\/wellclinic.pl\/de\/wp-json\/wp\/v2\/media\/5015"}],"wp:attachment":[{"href":"https:\/\/wellclinic.pl\/de\/wp-json\/wp\/v2\/media?parent=1542"}],"curies":[{"name":"wp","href":"https:\/\/api.w.org\/{rel}","templated":true}]}}