{"id":782,"date":"2021-10-26T10:24:52","date_gmt":"2021-10-26T08:24:52","guid":{"rendered":"https:\/\/wellclinic.pl\/?page_id=782"},"modified":"2024-01-29T19:29:50","modified_gmt":"2024-01-29T18:29:50","slug":"regulations","status":"publish","type":"page","link":"https:\/\/wellclinic.pl\/en\/regulamin\/","title":{"rendered":"Regulations"},"content":{"rendered":"<div data-elementor-type=\"wp-page\" data-elementor-id=\"782\" class=\"elementor elementor-782\" data-elementor-post-type=\"page\">\n\t\t\t\t\t\t<section class=\"elementor-section elementor-top-section elementor-element elementor-element-06eaee4 elementor-section-boxed elementor-section-height-default elementor-section-height-default jltma-glass-effect-no\" data-id=\"06eaee4\" data-element_type=\"section\" data-e-type=\"section\" data-settings=\"{&quot;background_background&quot;:&quot;classic&quot;}\">\n\t\t\t\t\t\t<div class=\"elementor-container elementor-column-gap-default\">\n\t\t\t\t\t<div class=\"elementor-column elementor-col-100 elementor-top-column elementor-element elementor-element-8248baf jltma-glass-effect-no\" data-id=\"8248baf\" data-element_type=\"column\" data-e-type=\"column\">\n\t\t\t<div class=\"elementor-widget-wrap elementor-element-populated\">\n\t\t\t\t\t\t<div class=\"elementor-element elementor-element-5388c44 jltma-glass-effect-no elementor-invisible elementor-widget elementor-widget-heading\" data-id=\"5388c44\" data-element_type=\"widget\" data-e-type=\"widget\" data-settings=\"{&quot;_animation&quot;:&quot;fadeIn&quot;}\" data-widget_type=\"heading.default\">\n\t\t\t\t<div class=\"elementor-widget-container\">\n\t\t\t\t\t<h2 class=\"elementor-heading-title elementor-size-default\">Terms and conditions of sale - WellClinic<\/h2>\t\t\t\t<\/div>\n\t\t\t\t<\/div>\n\t\t\t\t\t<\/div>\n\t\t<\/div>\n\t\t\t\t\t<\/div>\n\t\t<\/section>\n\t\t\t\t<section class=\"elementor-section elementor-top-section elementor-element elementor-element-57e5ac5 elementor-section-boxed elementor-section-height-default elementor-section-height-default jltma-glass-effect-no\" data-id=\"57e5ac5\" data-element_type=\"section\" data-e-type=\"section\">\n\t\t\t\t\t\t<div class=\"elementor-container elementor-column-gap-default\">\n\t\t\t\t\t<div class=\"elementor-column elementor-col-100 elementor-top-column elementor-element elementor-element-accf7ea jltma-glass-effect-no\" data-id=\"accf7ea\" data-element_type=\"column\" data-e-type=\"column\">\n\t\t\t<div class=\"elementor-widget-wrap elementor-element-populated\">\n\t\t\t\t\t\t<div class=\"elementor-element elementor-element-90ba149 jltma-glass-effect-no elementor-widget elementor-widget-text-editor\" data-id=\"90ba149\" data-element_type=\"widget\" data-e-type=\"widget\" data-widget_type=\"text-editor.default\">\n\t\t\t\t<div class=\"elementor-widget-container\">\n\t\t\t\t\t\t\t\t\t<ul><li><h4><a href=\"https:\/\/wellclinic.pl\/wp-content\/uploads\/2024\/01\/Regulamin-.pdf\" target=\"_blank\" rel=\"noopener\"><em><strong>Terms and conditions for using the Wellclinic offer - download<\/strong><\/em><\/a><\/h4><\/li><li><h4><a href=\"https:\/\/wellclinic.pl\/wp-content\/uploads\/2023\/02\/Procedura-udostepniania-dokumentacji-zabiegowej-klientow-kliniki-Wellclinic.docx-2.pdf\"><em><strong>Procedure for sharing treatment records of Wellclinic clients - download<\/strong><\/em><\/a><\/h4><\/li><li><h4><a href=\"https:\/\/wellclinic.pl\/wp-content\/uploads\/2023\/02\/Regulamin-platnosci-online.docx-1.pdf\"><em><strong>Terms and conditions for online payments - download<\/strong><\/em><\/a><\/h4><\/li><li><h4><a href=\"https:\/\/wellclinic.pl\/wp-content\/uploads\/2023\/02\/Regulamin-Voucherow-Wellclinic.docx-1.pdf\"><em><strong>Wellclinic Voucher Regulations - download<\/strong><\/em><\/a><\/h4><\/li><\/ul>\t\t\t\t\t\t\t\t<\/div>\n\t\t\t\t<\/div>\n\t\t\t\t\t<\/div>\n\t\t<\/div>\n\t\t\t\t\t<\/div>\n\t\t<\/section>\n\t\t\t\t<\/div>","protected":false},"excerpt":{"rendered":"<p>Terms and conditions of sale - WellClinic Terms and conditions of use of the Wellclinic offer - download Procedure for sharing treatment records of Wellclinic customers - download Terms and conditions of online payment - download Terms and conditions of Wellclinic vouchers - download<\/p>","protected":false},"author":15,"featured_media":1024,"parent":0,"menu_order":0,"comment_status":"closed","ping_status":"open","template":"","meta":{"_acf_changed":false,"footnotes":""},"class_list":["post-782","page","type-page","status-publish","has-post-thumbnail","hentry"],"acf":[],"yoast_head":"<!-- This site is optimized with the Yoast SEO Premium plugin v21.1 (Yoast SEO v27.1.1) - https:\/\/yoast.com\/product\/yoast-seo-premium-wordpress\/ -->\n<title>Regulamin kliniki medycznej Wellclinic | Warszawa i Gda\u0144sk<\/title>\n<meta name=\"description\" content=\"Regulamin kliniki medycyny estetycznej Wellclinic w Warszawie i Gda\u0144sku. Do\u015bwiadczeni lekarze, zabiegi odchudzaj\u0105ce i modeluj\u0105ce\" \/>\n<meta name=\"robots\" content=\"index, follow, max-snippet:-1, max-image-preview:large, max-video-preview:-1\" \/>\n<link rel=\"canonical\" href=\"https:\/\/wellclinic.pl\/en\/regulations\/\" \/>\n<meta property=\"og:locale\" content=\"en_GB\" \/>\n<meta property=\"og:type\" content=\"article\" \/>\n<meta property=\"og:title\" content=\"Regulamin\" \/>\n<meta property=\"og:description\" content=\"Regulamin kliniki medycyny estetycznej Wellclinic w Warszawie i Gda\u0144sku. Do\u015bwiadczeni lekarze, zabiegi odchudzaj\u0105ce i modeluj\u0105ce\" \/>\n<meta property=\"og:url\" content=\"https:\/\/wellclinic.pl\/en\/regulations\/\" \/>\n<meta property=\"og:site_name\" content=\"Wellclinic\" \/>\n<meta property=\"article:modified_time\" content=\"2024-01-29T18:29:50+00:00\" \/>\n<meta property=\"og:image\" content=\"https:\/\/wellclinic.pl\/wp-content\/uploads\/2021\/10\/PHOTO-2019-09-21-17-53-09.jpg\" \/>\n\t<meta property=\"og:image:width\" content=\"1600\" \/>\n\t<meta property=\"og:image:height\" content=\"1064\" \/>\n\t<meta property=\"og:image:type\" content=\"image\/jpeg\" \/>\n<meta name=\"twitter:card\" content=\"summary_large_image\" \/>\n<meta name=\"twitter:label1\" content=\"Estimated reading time\" \/>\n\t<meta name=\"twitter:data1\" content=\"1 minute\" \/>\n<script type=\"application\/ld+json\" class=\"yoast-schema-graph\">{\"@context\":\"https:\/\/schema.org\",\"@graph\":[{\"@type\":\"WebPage\",\"@id\":\"https:\/\/wellclinic.pl\/ru\/%d0%bf%d1%80%d0%b0%d0%b2%d0%b8%d0%bb%d0%b0\/\",\"url\":\"https:\/\/wellclinic.pl\/ru\/%d0%bf%d1%80%d0%b0%d0%b2%d0%b8%d0%bb%d0%b0\/\",\"name\":\"Regulamin kliniki medycznej Wellclinic | Warszawa i Gda\u0144sk\",\"isPartOf\":{\"@id\":\"https:\/\/wellclinic.pl\/#website\"},\"primaryImageOfPage\":{\"@id\":\"https:\/\/wellclinic.pl\/ru\/%d0%bf%d1%80%d0%b0%d0%b2%d0%b8%d0%bb%d0%b0\/#primaryimage\"},\"image\":{\"@id\":\"https:\/\/wellclinic.pl\/ru\/%d0%bf%d1%80%d0%b0%d0%b2%d0%b8%d0%bb%d0%b0\/#primaryimage\"},\"thumbnailUrl\":\"https:\/\/wellclinic.pl\/wp-content\/uploads\/2021\/10\/PHOTO-2019-09-21-17-53-09.jpg\",\"datePublished\":\"2021-10-26T08:24:52+00:00\",\"dateModified\":\"2024-01-29T18:29:50+00:00\",\"description\":\"Regulamin kliniki medycyny estetycznej Wellclinic w Warszawie i Gda\u0144sku. Do\u015bwiadczeni lekarze, zabiegi odchudzaj\u0105ce i modeluj\u0105ce\",\"breadcrumb\":{\"@id\":\"https:\/\/wellclinic.pl\/ru\/%d0%bf%d1%80%d0%b0%d0%b2%d0%b8%d0%bb%d0%b0\/#breadcrumb\"},\"inLanguage\":\"en-GB\",\"potentialAction\":[{\"@type\":\"ReadAction\",\"target\":[\"https:\/\/wellclinic.pl\/ru\/%d0%bf%d1%80%d0%b0%d0%b2%d0%b8%d0%bb%d0%b0\/\"]}]},{\"@type\":\"ImageObject\",\"inLanguage\":\"en-GB\",\"@id\":\"https:\/\/wellclinic.pl\/ru\/%d0%bf%d1%80%d0%b0%d0%b2%d0%b8%d0%bb%d0%b0\/#primaryimage\",\"url\":\"https:\/\/wellclinic.pl\/wp-content\/uploads\/2021\/10\/PHOTO-2019-09-21-17-53-09.jpg\",\"contentUrl\":\"https:\/\/wellclinic.pl\/wp-content\/uploads\/2021\/10\/PHOTO-2019-09-21-17-53-09.jpg\",\"width\":1600,\"height\":1064,\"caption\":\"Regulamin kliniki medycznej Wellclinic - ul. Kolejowa 49a\/U9 Warszawa\"},{\"@type\":\"BreadcrumbList\",\"@id\":\"https:\/\/wellclinic.pl\/ru\/%d0%bf%d1%80%d0%b0%d0%b2%d0%b8%d0%bb%d0%b0\/#breadcrumb\",\"itemListElement\":[{\"@type\":\"ListItem\",\"position\":1,\"name\":\"Strona g\u0142\u00f3wna\",\"item\":\"https:\/\/wellclinic.pl\/\"},{\"@type\":\"ListItem\",\"position\":2,\"name\":\"Regulamin\"}]},{\"@type\":\"WebSite\",\"@id\":\"https:\/\/wellclinic.pl\/#website\",\"url\":\"https:\/\/wellclinic.pl\/\",\"name\":\"Wellclinic Klinika Medycyny Estetycznej - Warszawa i Gda\u0144sk\",\"description\":\"Klinika Medycyny Estetycznej - Warszawa i Gda\u0144sk\",\"potentialAction\":[{\"@type\":\"SearchAction\",\"target\":{\"@type\":\"EntryPoint\",\"urlTemplate\":\"https:\/\/wellclinic.pl\/?s={search_term_string}\"},\"query-input\":{\"@type\":\"PropertyValueSpecification\",\"valueRequired\":true,\"valueName\":\"search_term_string\"}}],\"inLanguage\":\"en-GB\"}]}<\/script>\n<!-- \/ Yoast SEO Premium plugin. -->","yoast_head_json":{"title":"Regulations of the Wellclinic medical clinic | Warsaw and Gdansk","description":"Rules of the Wellclinic aesthetic medicine clinic in Warsaw and Gdansk. Experienced doctors, slimming and modelling treatments","robots":{"index":"index","follow":"follow","max-snippet":"max-snippet:-1","max-image-preview":"max-image-preview:large","max-video-preview":"max-video-preview:-1"},"canonical":"https:\/\/wellclinic.pl\/en\/regulations\/","og_locale":"en_GB","og_type":"article","og_title":"Regulamin","og_description":"Regulamin kliniki medycyny estetycznej Wellclinic w Warszawie i Gda\u0144sku. Do\u015bwiadczeni lekarze, zabiegi odchudzaj\u0105ce i modeluj\u0105ce","og_url":"https:\/\/wellclinic.pl\/en\/regulations\/","og_site_name":"Wellclinic","article_modified_time":"2024-01-29T18:29:50+00:00","og_image":[{"width":1600,"height":1064,"url":"https:\/\/wellclinic.pl\/wp-content\/uploads\/2021\/10\/PHOTO-2019-09-21-17-53-09.jpg","type":"image\/jpeg"}],"twitter_card":"summary_large_image","twitter_misc":{"Estimated reading time":"1 minute"},"schema":{"@context":"https:\/\/schema.org","@graph":[{"@type":"WebPage","@id":"https:\/\/wellclinic.pl\/ru\/%d0%bf%d1%80%d0%b0%d0%b2%d0%b8%d0%bb%d0%b0\/","url":"https:\/\/wellclinic.pl\/ru\/%d0%bf%d1%80%d0%b0%d0%b2%d0%b8%d0%bb%d0%b0\/","name":"Regulations of the Wellclinic medical clinic | Warsaw and Gdansk","isPartOf":{"@id":"https:\/\/wellclinic.pl\/#website"},"primaryImageOfPage":{"@id":"https:\/\/wellclinic.pl\/ru\/%d0%bf%d1%80%d0%b0%d0%b2%d0%b8%d0%bb%d0%b0\/#primaryimage"},"image":{"@id":"https:\/\/wellclinic.pl\/ru\/%d0%bf%d1%80%d0%b0%d0%b2%d0%b8%d0%bb%d0%b0\/#primaryimage"},"thumbnailUrl":"https:\/\/wellclinic.pl\/wp-content\/uploads\/2021\/10\/PHOTO-2019-09-21-17-53-09.jpg","datePublished":"2021-10-26T08:24:52+00:00","dateModified":"2024-01-29T18:29:50+00:00","description":"Rules of the Wellclinic aesthetic medicine clinic in Warsaw and Gdansk. Experienced doctors, slimming and modelling treatments","breadcrumb":{"@id":"https:\/\/wellclinic.pl\/ru\/%d0%bf%d1%80%d0%b0%d0%b2%d0%b8%d0%bb%d0%b0\/#breadcrumb"},"inLanguage":"en-GB","potentialAction":[{"@type":"ReadAction","target":["https:\/\/wellclinic.pl\/ru\/%d0%bf%d1%80%d0%b0%d0%b2%d0%b8%d0%bb%d0%b0\/"]}]},{"@type":"ImageObject","inLanguage":"en-GB","@id":"https:\/\/wellclinic.pl\/ru\/%d0%bf%d1%80%d0%b0%d0%b2%d0%b8%d0%bb%d0%b0\/#primaryimage","url":"https:\/\/wellclinic.pl\/wp-content\/uploads\/2021\/10\/PHOTO-2019-09-21-17-53-09.jpg","contentUrl":"https:\/\/wellclinic.pl\/wp-content\/uploads\/2021\/10\/PHOTO-2019-09-21-17-53-09.jpg","width":1600,"height":1064,"caption":"Regulamin kliniki medycznej Wellclinic - ul. Kolejowa 49a\/U9 Warszawa"},{"@type":"BreadcrumbList","@id":"https:\/\/wellclinic.pl\/ru\/%d0%bf%d1%80%d0%b0%d0%b2%d0%b8%d0%bb%d0%b0\/#breadcrumb","itemListElement":[{"@type":"ListItem","position":1,"name":"Strona g\u0142\u00f3wna","item":"https:\/\/wellclinic.pl\/"},{"@type":"ListItem","position":2,"name":"Regulamin"}]},{"@type":"WebSite","@id":"https:\/\/wellclinic.pl\/#website","url":"https:\/\/wellclinic.pl\/","name":"Wellclinic Clinic for Aesthetic Medicine - Warsaw and Gdansk","description":"Aesthetic Medicine Clinic - Warsaw and Gdansk","potentialAction":[{"@type":"SearchAction","target":{"@type":"EntryPoint","urlTemplate":"https:\/\/wellclinic.pl\/?s={search_term_string}"},"query-input":{"@type":"PropertyValueSpecification","valueRequired":true,"valueName":"search_term_string"}}],"inLanguage":"en-GB"}]}},"_links":{"self":[{"href":"https:\/\/wellclinic.pl\/en\/wp-json\/wp\/v2\/pages\/782","targetHints":{"allow":["GET"]}}],"collection":[{"href":"https:\/\/wellclinic.pl\/en\/wp-json\/wp\/v2\/pages"}],"about":[{"href":"https:\/\/wellclinic.pl\/en\/wp-json\/wp\/v2\/types\/page"}],"author":[{"embeddable":true,"href":"https:\/\/wellclinic.pl\/en\/wp-json\/wp\/v2\/users\/15"}],"replies":[{"embeddable":true,"href":"https:\/\/wellclinic.pl\/en\/wp-json\/wp\/v2\/comments?post=782"}],"version-history":[{"count":0,"href":"https:\/\/wellclinic.pl\/en\/wp-json\/wp\/v2\/pages\/782\/revisions"}],"wp:featuredmedia":[{"embeddable":true,"href":"https:\/\/wellclinic.pl\/en\/wp-json\/wp\/v2\/media\/1024"}],"wp:attachment":[{"href":"https:\/\/wellclinic.pl\/en\/wp-json\/wp\/v2\/media?parent=782"}],"curies":[{"name":"wp","href":"https:\/\/api.w.org\/{rel}","templated":true}]}}