{"id":1099,"date":"2021-10-26T20:29:49","date_gmt":"2021-10-26T18:29:49","guid":{"rendered":"https:\/\/wellclinic.pl\/?page_id=1099"},"modified":"2025-12-12T11:40:05","modified_gmt":"2025-12-12T10:40:05","slug":"pa-avbetaling","status":"publish","type":"page","link":"https:\/\/wellclinic.pl\/nb\/o-klinice-stara\/na-raty\/","title":{"rendered":"Ved avbetaling"},"content":{"rendered":"<div data-elementor-type=\"wp-page\" data-elementor-id=\"1099\" class=\"elementor elementor-1099\" data-elementor-post-type=\"page\">\n\t\t\t\t\t\t<section class=\"elementor-section elementor-top-section elementor-element elementor-element-7906d30b elementor-section-boxed elementor-section-height-default elementor-section-height-default jltma-glass-effect-no\" data-id=\"7906d30b\" data-element_type=\"section\" data-e-type=\"section\" data-settings=\"{&quot;background_background&quot;:&quot;classic&quot;}\">\n\t\t\t\t\t\t<div class=\"elementor-container elementor-column-gap-default\">\n\t\t\t\t\t<div class=\"elementor-column elementor-col-100 elementor-top-column elementor-element elementor-element-7f49edfb jltma-glass-effect-no\" data-id=\"7f49edfb\" data-element_type=\"column\" data-e-type=\"column\">\n\t\t\t<div class=\"elementor-widget-wrap elementor-element-populated\">\n\t\t\t\t\t\t<div class=\"elementor-element elementor-element-44cff19e jltma-glass-effect-no elementor-widget elementor-widget-heading\" data-id=\"44cff19e\" data-element_type=\"widget\" data-e-type=\"widget\" data-widget_type=\"heading.default\">\n\t\t\t\t<div class=\"elementor-widget-container\">\n\t\t\t\t\t<h2 class=\"elementor-heading-title elementor-size-default\">Ved avbetaling<\/h2>\t\t\t\t<\/div>\n\t\t\t\t<\/div>\n\t\t\t\t<div class=\"elementor-element elementor-element-6d37b4b2 elementor-hidden-mobile elementor-widget-divider--view-line jltma-glass-effect-no elementor-widget elementor-widget-divider\" data-id=\"6d37b4b2\" data-element_type=\"widget\" data-e-type=\"widget\" data-widget_type=\"divider.default\">\n\t\t\t\t<div class=\"elementor-widget-container\">\n\t\t\t\t\t\t\t<div class=\"elementor-divider\">\n\t\t\t<span class=\"elementor-divider-separator\">\n\t\t\t\t\t\t<\/span>\n\t\t<\/div>\n\t\t\t\t\t\t<\/div>\n\t\t\t\t<\/div>\n\t\t\t\t<div class=\"elementor-element elementor-element-508696e7 jltma-glass-effect-no elementor-widget elementor-widget-heading\" data-id=\"508696e7\" data-element_type=\"widget\" data-e-type=\"widget\" data-widget_type=\"heading.default\">\n\t\t\t\t<div class=\"elementor-widget-container\">\n\t\t\t\t\t<h2 class=\"elementor-heading-title elementor-size-default\">Del opp behandlingskostnadene i flere omganger<\/h2>\t\t\t\t<\/div>\n\t\t\t\t<\/div>\n\t\t\t\t\t<\/div>\n\t\t<\/div>\n\t\t\t\t\t<\/div>\n\t\t<\/section>\n\t\t\t\t<section class=\"elementor-section elementor-top-section elementor-element elementor-element-35f82af7 elementor-section-boxed elementor-section-height-default elementor-section-height-default jltma-glass-effect-no\" data-id=\"35f82af7\" data-element_type=\"section\" data-e-type=\"section\" data-settings=\"{&quot;background_background&quot;:&quot;classic&quot;}\">\n\t\t\t\t\t\t<div class=\"elementor-container elementor-column-gap-default\">\n\t\t\t\t\t<div class=\"elementor-column elementor-col-100 elementor-top-column elementor-element elementor-element-c4ee691 jltma-glass-effect-no\" data-id=\"c4ee691\" data-element_type=\"column\" data-e-type=\"column\" data-settings=\"{&quot;background_background&quot;:&quot;classic&quot;}\">\n\t\t\t<div class=\"elementor-widget-wrap elementor-element-populated\">\n\t\t\t\t\t\t<section class=\"elementor-section elementor-inner-section elementor-element elementor-element-0a0ff75 elementor-section-boxed elementor-section-height-default elementor-section-height-default jltma-glass-effect-no\" data-id=\"0a0ff75\" data-element_type=\"section\" data-e-type=\"section\">\n\t\t\t\t\t\t<div class=\"elementor-container elementor-column-gap-default\">\n\t\t\t\t\t<div class=\"elementor-column elementor-col-100 elementor-inner-column elementor-element elementor-element-3b8c710 jltma-glass-effect-no\" data-id=\"3b8c710\" data-element_type=\"column\" data-e-type=\"column\">\n\t\t\t<div class=\"elementor-widget-wrap elementor-element-populated\">\n\t\t\t\t\t\t<div class=\"elementor-element elementor-element-0f7b611 jltma-glass-effect-no elementor-widget elementor-widget-text-editor\" data-id=\"0f7b611\" data-element_type=\"widget\" data-e-type=\"widget\" data-widget_type=\"text-editor.default\">\n\t\t\t\t<div class=\"elementor-widget-container\">\n\t\t\t\t\t\t\t\t\t<p>Ring<\/p>\t\t\t\t\t\t\t\t<\/div>\n\t\t\t\t<\/div>\n\t\t\t\t<div class=\"elementor-element elementor-element-2b2f0ad jltma-glass-effect-no elementor-widget elementor-widget-text-editor\" data-id=\"2b2f0ad\" data-element_type=\"widget\" data-e-type=\"widget\" data-widget_type=\"text-editor.default\">\n\t\t\t\t<div class=\"elementor-widget-container\">\n\t\t\t\t\t\t\t\t\t<p>vi vil gj\u00f8re en avtale for deg<\/p>\t\t\t\t\t\t\t\t<\/div>\n\t\t\t\t<\/div>\n\t\t\t\t<div class=\"elementor-element elementor-element-c5723fe elementor-mobile-align-center elementor-align-center elementor-icon-list--layout-traditional elementor-list-item-link-full_width jltma-glass-effect-no elementor-widget elementor-widget-icon-list\" data-id=\"c5723fe\" data-element_type=\"widget\" data-e-type=\"widget\" data-widget_type=\"icon-list.default\">\n\t\t\t\t<div class=\"elementor-widget-container\">\n\t\t\t\t\t\t\t<ul class=\"elementor-icon-list-items\">\n\t\t\t\t\t\t\t<li class=\"elementor-icon-list-item\">\n\t\t\t\t\t\t\t\t\t\t\t<span class=\"elementor-icon-list-icon\">\n\t\t\t\t\t\t\t<i aria-hidden=\"true\" class=\"fas fa-phone-alt\"><\/i>\t\t\t\t\t\t<\/span>\n\t\t\t\t\t\t\t\t\t\t<span class=\"elementor-icon-list-text\"><a href=\"tlf:+48600100177\">+48 600 100 177<\/a><\/span>\n\t\t\t\t\t\t\t\t\t<\/li>\n\t\t\t\t\t\t<\/ul>\n\t\t\t\t\t\t<\/div>\n\t\t\t\t<\/div>\n\t\t\t\t\t<\/div>\n\t\t<\/div>\n\t\t\t\t\t<\/div>\n\t\t<\/section>\n\t\t\t\t<section class=\"elementor-section elementor-inner-section elementor-element elementor-element-7387c1ab elementor-section-content-middle elementor-section-boxed elementor-section-height-default elementor-section-height-default jltma-glass-effect-no\" data-id=\"7387c1ab\" data-element_type=\"section\" data-e-type=\"section\">\n\t\t\t\t\t\t<div class=\"elementor-container elementor-column-gap-default\">\n\t\t\t\t\t<div class=\"elementor-column elementor-col-100 elementor-inner-column elementor-element elementor-element-2f04f2f4 jltma-glass-effect-no\" data-id=\"2f04f2f4\" data-element_type=\"column\" data-e-type=\"column\">\n\t\t\t<div class=\"elementor-widget-wrap elementor-element-populated\">\n\t\t\t\t\t\t<div class=\"elementor-element elementor-element-324aad3 jltma-glass-effect-no elementor-widget elementor-widget-heading\" data-id=\"324aad3\" data-element_type=\"widget\" data-e-type=\"widget\" data-widget_type=\"heading.default\">\n\t\t\t\t<div class=\"elementor-widget-container\">\n\t\t\t\t\t<h2 class=\"elementor-heading-title elementor-size-default\">Praktiske avbetalinger hos Wellclinic<\/h2>\t\t\t\t<\/div>\n\t\t\t\t<\/div>\n\t\t\t\t<div class=\"elementor-element elementor-element-c7d067f jltma-glass-effect-no elementor-widget elementor-widget-shortcode\" data-id=\"c7d067f\" data-element_type=\"widget\" data-e-type=\"widget\" data-widget_type=\"shortcode.default\">\n\t\t\t\t<div class=\"elementor-widget-container\">\n\t\t\t\t\t\t\t<div class=\"elementor-shortcode\">\n<div class=\"wpcf7 no-js\" id=\"wpcf7-f1105-o1\" lang=\"pl-PL\" dir=\"ltr\" data-wpcf7-id=\"1105\">\n<div class=\"screen-reader-response\"><p role=\"status\" aria-live=\"polite\" aria-atomic=\"true\"><\/p> <ul><\/ul><\/div>\n<form action=\"\/nb\/wp-json\/wp\/v2\/pages\/1099#wpcf7-f1105-o1\" method=\"post\" class=\"wpcf7-form init\" aria-label=\"Kontaktskjema\" novalidate=\"novalidate\" data-status=\"init\" data-trp-original-action=\"\/nb\/wp-json\/wp\/v2\/pages\/1099#wpcf7-f1105-o1\">\n<fieldset class=\"hidden-fields-container\"><input type=\"hidden\" name=\"_wpcf7\" value=\"1105\" \/><input type=\"hidden\" name=\"_wpcf7_version\" value=\"6.1.5\" \/><input type=\"hidden\" name=\"_wpcf7_locale\" value=\"pl_PL\" \/><input type=\"hidden\" name=\"_wpcf7_unit_tag\" value=\"wpcf7-f1105-o1\" \/><input type=\"hidden\" name=\"_wpcf7_container_post\" value=\"0\" \/><input type=\"hidden\" name=\"_wpcf7_posted_data_hash\" value=\"\" \/>\n<\/fieldset>\n<div class=\"wpcf7-turnstile cf-turnstile\" data-sitekey=\"0x4AAAAAAB9w8R5f6HgC6PfO\" data-response-field-name=\"_wpcf7_turnstile_response\"><\/div>\n\n<p><label> Hvilket (veiledende) bel\u00f8p trenger du?<br \/>\n<span class=\"wpcf7-form-control-wrap\" data-name=\"text-890\"><input size=\"40\" maxlength=\"400\" class=\"wpcf7-form-control wpcf7-text wpcf7-validates-as-required\" aria-required=\"true\" aria-invalid=\"false\" value=\"\" type=\"text\" name=\"text-890\" \/><\/span> <\/label>\n<\/p>\n<p><label> Navn<br \/>\n<span class=\"wpcf7-form-control-wrap\" data-name=\"your-name\"><input size=\"40\" maxlength=\"400\" class=\"wpcf7-form-control wpcf7-text wpcf7-validates-as-required\" aria-required=\"true\" aria-invalid=\"false\" value=\"\" type=\"text\" name=\"your-name\" \/><\/span> <\/label>\n<\/p>\n<p><label> Telefonnummer<br \/>\n<span class=\"wpcf7-form-control-wrap\" data-name=\"tel-640\"><input size=\"40\" maxlength=\"400\" class=\"wpcf7-form-control wpcf7-tel wpcf7-validates-as-required wpcf7-text wpcf7-validates-as-tel\" aria-required=\"true\" aria-invalid=\"false\" value=\"\" type=\"tel\" name=\"tel-640\" \/><\/span> <\/label>\n<\/p>\n<p><label> E-postadresse<br \/>\n<span class=\"wpcf7-form-control-wrap\" data-name=\"your-email\"><input size=\"40\" maxlength=\"400\" class=\"wpcf7-form-control wpcf7-email wpcf7-validates-as-required wpcf7-text wpcf7-validates-as-email\" aria-required=\"true\" aria-invalid=\"false\" value=\"\" type=\"email\" name=\"your-email\" \/><\/span> <\/label>\n<\/p>\n<p><label> Din melding<br \/>\n<span class=\"wpcf7-form-control-wrap\" data-name=\"your-message\"><textarea cols=\"40\" rows=\"10\" maxlength=\"2000\" class=\"wpcf7-form-control wpcf7-textarea wpcf7-validates-as-required\" aria-required=\"true\" aria-invalid=\"false\" name=\"your-message\"><\/textarea><\/span> <\/label>\n<\/p>\n<p><span class=\"wpcf7-form-control-wrap\" data-name=\"acceptance-351\"><span class=\"wpcf7-form-control wpcf7-acceptance\"><span class=\"wpcf7-list-item\"><label><input type=\"checkbox\" name=\"acceptance-351\" value=\"1\" aria-invalid=\"false\" \/><span class=\"wpcf7-list-item-label\">Jeg godtar personvernerkl\u00e6ringen. Jeg samtykker til \u00e5 bli kontaktet med det form\u00e5l \u00e5 presentere en kampanje for praktiske avdrag hos Wellclinic. Opplysningene vil ikke bli delt med andre enheter.<\/span><\/label><\/span><\/span><\/span>\n<\/p>\n<p><input class=\"wpcf7-form-control wpcf7-submit has-spinner\" type=\"submit\" value=\"Send\" \/>\n<\/p><div class=\"wpcf7-response-output\" aria-hidden=\"true\"><\/div>\n<input type=\"hidden\" name=\"trp-form-language\" value=\"nb\"\/><\/form>\n<\/div>\n<\/div>\n\t\t\t\t\t\t<\/div>\n\t\t\t\t<\/div>\n\t\t\t\t\t<\/div>\n\t\t<\/div>\n\t\t\t\t\t<\/div>\n\t\t<\/section>\n\t\t\t\t\t<\/div>\n\t\t<\/div>\n\t\t\t\t\t<\/div>\n\t\t<\/section>\n\t\t\t\t<section class=\"elementor-section elementor-top-section elementor-element elementor-element-5f98a23 elementor-section-content-middle elementor-section-boxed elementor-section-height-default elementor-section-height-default jltma-glass-effect-no\" data-id=\"5f98a23\" data-element_type=\"section\" data-e-type=\"section\" data-settings=\"{&quot;background_background&quot;:&quot;classic&quot;}\">\n\t\t\t\t\t\t<div class=\"elementor-container elementor-column-gap-no\">\n\t\t\t\t\t<div class=\"elementor-column elementor-col-50 elementor-top-column elementor-element elementor-element-ca9476e jltma-glass-effect-no\" data-id=\"ca9476e\" data-element_type=\"column\" data-e-type=\"column\">\n\t\t\t<div class=\"elementor-widget-wrap elementor-element-populated\">\n\t\t\t\t\t\t<div class=\"elementor-element elementor-element-4dc4635 jltma-glass-effect-no elementor-widget elementor-widget-heading\" data-id=\"4dc4635\" data-element_type=\"widget\" data-e-type=\"widget\" data-widget_type=\"heading.default\">\n\t\t\t\t<div class=\"elementor-widget-container\">\n\t\t\t\t\t<h2 class=\"elementor-heading-title elementor-size-default\">Forestill deg et liv med perfekt helse, fullt av indre styrke.<\/h2>\t\t\t\t<\/div>\n\t\t\t\t<\/div>\n\t\t\t\t<div class=\"elementor-element elementor-element-971f379 jltma-glass-effect-no elementor-widget elementor-widget-text-editor\" data-id=\"971f379\" data-element_type=\"widget\" data-e-type=\"widget\" data-widget_type=\"text-editor.default\">\n\t\t\t\t<div class=\"elementor-widget-container\">\n\t\t\t\t\t\t\t\t\t<p style=\"text-align: center;\">Helse, ungdom og avslapning p\u00e5 sitt beste<br \/>klinikker for estetisk medisin i Warszawa, Gdansk og Krakow.<\/p>\t\t\t\t\t\t\t\t<\/div>\n\t\t\t\t<\/div>\n\t\t\t\t<div class=\"elementor-element elementor-element-f2795c6 jltma-glass-effect-no elementor-widget elementor-widget-text-editor\" data-id=\"f2795c6\" data-element_type=\"widget\" data-e-type=\"widget\" data-widget_type=\"text-editor.default\">\n\t\t\t\t<div class=\"elementor-widget-container\">\n\t\t\t\t\t\t\t\t\t<p style=\"text-align: center;\">Gj\u00f8r en avtale for en gratis konsultasjon<\/p>\t\t\t\t\t\t\t\t<\/div>\n\t\t\t\t<\/div>\n\t\t\t\t\t<\/div>\n\t\t<\/div>\n\t\t\t\t<div class=\"elementor-column elementor-col-50 elementor-top-column elementor-element elementor-element-a8c6860 jltma-glass-effect-no\" data-id=\"a8c6860\" data-element_type=\"column\" data-e-type=\"column\">\n\t\t\t<div class=\"elementor-widget-wrap elementor-element-populated\">\n\t\t\t\t\t\t<div class=\"elementor-element elementor-element-414fc46 jltma-glass-effect-no elementor-widget elementor-widget-image\" data-id=\"414fc46\" data-element_type=\"widget\" data-e-type=\"widget\" data-widget_type=\"image.default\">\n\t\t\t\t<div class=\"elementor-widget-container\">\n\t\t\t\t\t\t\t\t\t\t\t\t\t\t\t<img fetchpriority=\"high\" decoding=\"async\" width=\"838\" height=\"650\" src=\"https:\/\/wellclinic.pl\/wp-content\/uploads\/2021\/10\/Zielony-przerywnik-3.jpg\" class=\"attachment-full size-full wp-image-265\" alt=\"\" srcset=\"https:\/\/wellclinic.pl\/wp-content\/uploads\/2021\/10\/Zielony-przerywnik-3.jpg 838w, https:\/\/wellclinic.pl\/wp-content\/uploads\/2021\/10\/Zielony-przerywnik-3-300x233.jpg 300w, https:\/\/wellclinic.pl\/wp-content\/uploads\/2021\/10\/Zielony-przerywnik-3-768x596.jpg 768w\" sizes=\"(max-width: 838px) 100vw, 838px\" \/>\t\t\t\t\t\t\t\t\t\t\t\t\t\t\t<\/div>\n\t\t\t\t<\/div>\n\t\t\t\t\t<\/div>\n\t\t<\/div>\n\t\t\t\t\t<\/div>\n\t\t<\/section>\n\t\t\t\t<\/div>","protected":false},"excerpt":{"rendered":"<p>Avbetaling Roz\u0142\u00f3\u017c kostnader for behandlingen p\u00e5 avbetaling Ring oss, s\u00e5 avtaler vi et m\u00f8te +48 600 100 177 Gunstige avbetalingsordninger hos Wellclinic Forestill deg et liv i perfekt helse, fullt av indre styrke. Helse, ungdom og avslapning i den beste klinikken for estetisk medisin i Warszawa, Gda\u0144sk og Krak\u00f3w. Avtal en gratis konsultasjon<\/p>","protected":false},"author":15,"featured_media":1584,"parent":851,"menu_order":0,"comment_status":"closed","ping_status":"open","template":"","meta":{"_acf_changed":false,"footnotes":""},"class_list":["post-1099","page","type-page","status-publish","has-post-thumbnail","hentry"],"acf":[],"yoast_head":"<!-- This site is optimized with the Yoast SEO Premium plugin v21.1 (Yoast SEO v27.1.1) - https:\/\/yoast.com\/product\/yoast-seo-premium-wordpress\/ -->\n<title>Raty Wellclinic - zabiegi na raty - | Warszawa | Gda\u0144sk | Krak\u00f3w<\/title>\n<meta name=\"description\" content=\"Klinika medycyny estetycznej w Warszawie i Gda\u0144sku - roz\u0142\u00f3\u017c koszt\u00f3w zabieg\u00f3w odm\u0142adzaj\u0105cych z wykorzystaniem lasera FOTONA i HIFU II na raty.\" \/>\n<meta name=\"robots\" content=\"index, follow, max-snippet:-1, max-image-preview:large, max-video-preview:-1\" \/>\n<link rel=\"canonical\" href=\"https:\/\/wellclinic.pl\/nb\/om-klinikken-gammel\/pa-avbetaling\/\" \/>\n<meta property=\"og:locale\" content=\"nb_NO\" \/>\n<meta property=\"og:type\" content=\"article\" \/>\n<meta property=\"og:title\" content=\"Na raty\" \/>\n<meta property=\"og:description\" content=\"Klinika medycyny estetycznej w Warszawie i Gda\u0144sku - roz\u0142\u00f3\u017c koszt\u00f3w zabieg\u00f3w odm\u0142adzaj\u0105cych z wykorzystaniem lasera FOTONA i HIFU II na raty.\" \/>\n<meta property=\"og:url\" content=\"https:\/\/wellclinic.pl\/nb\/om-klinikken-gammel\/pa-avbetaling\/\" \/>\n<meta property=\"og:site_name\" content=\"Wellclinic\" \/>\n<meta property=\"article:modified_time\" content=\"2025-12-12T10:40:05+00:00\" \/>\n<meta property=\"og:image\" content=\"https:\/\/wellclinic.pl\/wp-content\/uploads\/2021\/10\/blank-2.jpg\" \/>\n\t<meta property=\"og:image:width\" content=\"1000\" \/>\n\t<meta property=\"og:image:height\" content=\"668\" \/>\n\t<meta property=\"og:image:type\" content=\"image\/jpeg\" \/>\n<meta name=\"twitter:card\" content=\"summary_large_image\" \/>\n<meta name=\"twitter:label1\" content=\"Ansl. lesetid\" \/>\n\t<meta name=\"twitter:data1\" content=\"1 minutt\" \/>\n<script type=\"application\/ld+json\" class=\"yoast-schema-graph\">{\"@context\":\"https:\/\/schema.org\",\"@graph\":[{\"@type\":\"WebPage\",\"@id\":\"https:\/\/wellclinic.pl\/o-klinice-stara\/na-raty\/\",\"url\":\"https:\/\/wellclinic.pl\/o-klinice-stara\/na-raty\/\",\"name\":\"Raty Wellclinic - zabiegi na raty - | Warszawa | Gda\u0144sk | Krak\u00f3w\",\"isPartOf\":{\"@id\":\"https:\/\/wellclinic.pl\/#website\"},\"primaryImageOfPage\":{\"@id\":\"https:\/\/wellclinic.pl\/o-klinice-stara\/na-raty\/#primaryimage\"},\"image\":{\"@id\":\"https:\/\/wellclinic.pl\/o-klinice-stara\/na-raty\/#primaryimage\"},\"thumbnailUrl\":\"https:\/\/wellclinic.pl\/wp-content\/uploads\/2021\/10\/blank-2.jpg\",\"datePublished\":\"2021-10-26T18:29:49+00:00\",\"dateModified\":\"2025-12-12T10:40:05+00:00\",\"description\":\"Klinika medycyny estetycznej w Warszawie i Gda\u0144sku - roz\u0142\u00f3\u017c koszt\u00f3w zabieg\u00f3w odm\u0142adzaj\u0105cych z wykorzystaniem lasera FOTONA i HIFU II na raty.\",\"breadcrumb\":{\"@id\":\"https:\/\/wellclinic.pl\/o-klinice-stara\/na-raty\/#breadcrumb\"},\"inLanguage\":\"nb-NO\",\"potentialAction\":[{\"@type\":\"ReadAction\",\"target\":[\"https:\/\/wellclinic.pl\/o-klinice-stara\/na-raty\/\"]}]},{\"@type\":\"ImageObject\",\"inLanguage\":\"nb-NO\",\"@id\":\"https:\/\/wellclinic.pl\/o-klinice-stara\/na-raty\/#primaryimage\",\"url\":\"https:\/\/wellclinic.pl\/wp-content\/uploads\/2021\/10\/blank-2.jpg\",\"contentUrl\":\"https:\/\/wellclinic.pl\/wp-content\/uploads\/2021\/10\/blank-2.jpg\",\"width\":1000,\"height\":668,\"caption\":\"Raty Wellclinic - zabiegi na raty - ul. Kolejowa 49a\/U9 Warszawa\"},{\"@type\":\"BreadcrumbList\",\"@id\":\"https:\/\/wellclinic.pl\/o-klinice-stara\/na-raty\/#breadcrumb\",\"itemListElement\":[{\"@type\":\"ListItem\",\"position\":1,\"name\":\"Strona g\u0142\u00f3wna\",\"item\":\"https:\/\/wellclinic.pl\/\"},{\"@type\":\"ListItem\",\"position\":2,\"name\":\"O klinice &#8211; stara\",\"item\":\"https:\/\/wellclinic.pl\/o-klinice-stara\/\"},{\"@type\":\"ListItem\",\"position\":3,\"name\":\"Na raty\"}]},{\"@type\":\"WebSite\",\"@id\":\"https:\/\/wellclinic.pl\/#website\",\"url\":\"https:\/\/wellclinic.pl\/\",\"name\":\"Wellclinic Klinika Medycyny Estetycznej - Warszawa i Gda\u0144sk\",\"description\":\"Klinika Medycyny Estetycznej - Warszawa i Gda\u0144sk\",\"potentialAction\":[{\"@type\":\"SearchAction\",\"target\":{\"@type\":\"EntryPoint\",\"urlTemplate\":\"https:\/\/wellclinic.pl\/?s={search_term_string}\"},\"query-input\":{\"@type\":\"PropertyValueSpecification\",\"valueRequired\":true,\"valueName\":\"search_term_string\"}}],\"inLanguage\":\"nb-NO\"}]}<\/script>\n<!-- \/ Yoast SEO Premium plugin. -->","yoast_head_json":{"title":"Wellclinic p\u00e5 avbetaling - behandlinger p\u00e5 avbetaling - | Warszawa | Gdansk | Krakow","description":"Klinikk for estetisk medisin i Warszawa og Gdansk - del opp kostnadene for FOTONA laser- og HIFU II-foryngelsesbehandlinger i avdrag.","robots":{"index":"index","follow":"follow","max-snippet":"max-snippet:-1","max-image-preview":"max-image-preview:large","max-video-preview":"max-video-preview:-1"},"canonical":"https:\/\/wellclinic.pl\/nb\/om-klinikken-gammel\/pa-avbetaling\/","og_locale":"nb_NO","og_type":"article","og_title":"Na raty","og_description":"Klinika medycyny estetycznej w Warszawie i Gda\u0144sku - roz\u0142\u00f3\u017c koszt\u00f3w zabieg\u00f3w odm\u0142adzaj\u0105cych z wykorzystaniem lasera FOTONA i HIFU II na raty.","og_url":"https:\/\/wellclinic.pl\/nb\/om-klinikken-gammel\/pa-avbetaling\/","og_site_name":"Wellclinic","article_modified_time":"2025-12-12T10:40:05+00:00","og_image":[{"width":1000,"height":668,"url":"https:\/\/wellclinic.pl\/wp-content\/uploads\/2021\/10\/blank-2.jpg","type":"image\/jpeg"}],"twitter_card":"summary_large_image","twitter_misc":{"Ansl. lesetid":"1 minutt"},"schema":{"@context":"https:\/\/schema.org","@graph":[{"@type":"WebPage","@id":"https:\/\/wellclinic.pl\/o-klinice-stara\/na-raty\/","url":"https:\/\/wellclinic.pl\/o-klinice-stara\/na-raty\/","name":"Wellclinic p\u00e5 avbetaling - behandlinger p\u00e5 avbetaling - | Warszawa | Gdansk | Krakow","isPartOf":{"@id":"https:\/\/wellclinic.pl\/#website"},"primaryImageOfPage":{"@id":"https:\/\/wellclinic.pl\/o-klinice-stara\/na-raty\/#primaryimage"},"image":{"@id":"https:\/\/wellclinic.pl\/o-klinice-stara\/na-raty\/#primaryimage"},"thumbnailUrl":"https:\/\/wellclinic.pl\/wp-content\/uploads\/2021\/10\/blank-2.jpg","datePublished":"2021-10-26T18:29:49+00:00","dateModified":"2025-12-12T10:40:05+00:00","description":"Klinikk for estetisk medisin i Warszawa og Gdansk - del opp kostnadene for FOTONA laser- og HIFU II-foryngelsesbehandlinger i avdrag.","breadcrumb":{"@id":"https:\/\/wellclinic.pl\/o-klinice-stara\/na-raty\/#breadcrumb"},"inLanguage":"nb-NO","potentialAction":[{"@type":"ReadAction","target":["https:\/\/wellclinic.pl\/o-klinice-stara\/na-raty\/"]}]},{"@type":"ImageObject","inLanguage":"nb-NO","@id":"https:\/\/wellclinic.pl\/o-klinice-stara\/na-raty\/#primaryimage","url":"https:\/\/wellclinic.pl\/wp-content\/uploads\/2021\/10\/blank-2.jpg","contentUrl":"https:\/\/wellclinic.pl\/wp-content\/uploads\/2021\/10\/blank-2.jpg","width":1000,"height":668,"caption":"Raty Wellclinic - zabiegi na raty - ul. Kolejowa 49a\/U9 Warszawa"},{"@type":"BreadcrumbList","@id":"https:\/\/wellclinic.pl\/o-klinice-stara\/na-raty\/#breadcrumb","itemListElement":[{"@type":"ListItem","position":1,"name":"Strona g\u0142\u00f3wna","item":"https:\/\/wellclinic.pl\/"},{"@type":"ListItem","position":2,"name":"O klinice &#8211; stara","item":"https:\/\/wellclinic.pl\/o-klinice-stara\/"},{"@type":"ListItem","position":3,"name":"Na raty"}]},{"@type":"WebSite","@id":"https:\/\/wellclinic.pl\/#website","url":"https:\/\/wellclinic.pl\/","name":"Wellclinic Klinikk for estetisk medisin - Warszawa og Gdansk","description":"Klinikk for estetisk medisin - Warszawa og Gdansk","potentialAction":[{"@type":"SearchAction","target":{"@type":"EntryPoint","urlTemplate":"https:\/\/wellclinic.pl\/?s={search_term_string}"},"query-input":{"@type":"PropertyValueSpecification","valueRequired":true,"valueName":"search_term_string"}}],"inLanguage":"nb-NO"}]}},"_links":{"self":[{"href":"https:\/\/wellclinic.pl\/nb\/wp-json\/wp\/v2\/pages\/1099","targetHints":{"allow":["GET"]}}],"collection":[{"href":"https:\/\/wellclinic.pl\/nb\/wp-json\/wp\/v2\/pages"}],"about":[{"href":"https:\/\/wellclinic.pl\/nb\/wp-json\/wp\/v2\/types\/page"}],"author":[{"embeddable":true,"href":"https:\/\/wellclinic.pl\/nb\/wp-json\/wp\/v2\/users\/15"}],"replies":[{"embeddable":true,"href":"https:\/\/wellclinic.pl\/nb\/wp-json\/wp\/v2\/comments?post=1099"}],"version-history":[{"count":12,"href":"https:\/\/wellclinic.pl\/nb\/wp-json\/wp\/v2\/pages\/1099\/revisions"}],"predecessor-version":[{"id":47427,"href":"https:\/\/wellclinic.pl\/nb\/wp-json\/wp\/v2\/pages\/1099\/revisions\/47427"}],"up":[{"embeddable":true,"href":"https:\/\/wellclinic.pl\/nb\/wp-json\/wp\/v2\/pages\/851"}],"wp:featuredmedia":[{"embeddable":true,"href":"https:\/\/wellclinic.pl\/nb\/wp-json\/wp\/v2\/media\/1584"}],"wp:attachment":[{"href":"https:\/\/wellclinic.pl\/nb\/wp-json\/wp\/v2\/media?parent=1099"}],"curies":[{"name":"wp","href":"https:\/\/api.w.org\/{rel}","templated":true}]}}