{"id":3,"date":"2021-10-13T18:12:44","date_gmt":"2021-10-13T16:12:44","guid":{"rendered":"https:\/\/wellclinic.pl\/?page_id=3"},"modified":"2025-04-11T14:42:47","modified_gmt":"2025-04-11T12:42:47","slug":"personvernerklaering","status":"publish","type":"page","link":"https:\/\/wellclinic.pl\/nb\/polityka-prywatnosci\/","title":{"rendered":"Retningslinjer for personvern"},"content":{"rendered":"<div data-elementor-type=\"wp-page\" data-elementor-id=\"3\" class=\"elementor elementor-3\" data-elementor-post-type=\"page\">\n\t\t\t\t\t\t<section class=\"elementor-section elementor-top-section elementor-element elementor-element-5e488704 elementor-section-boxed elementor-section-height-default elementor-section-height-default jltma-glass-effect-no\" data-id=\"5e488704\" data-element_type=\"section\" data-e-type=\"section\">\n\t\t\t\t\t\t<div class=\"elementor-container elementor-column-gap-default\">\n\t\t\t\t\t<div class=\"elementor-column elementor-col-100 elementor-top-column elementor-element elementor-element-156bc5a0 jltma-glass-effect-no\" data-id=\"156bc5a0\" data-element_type=\"column\" data-e-type=\"column\">\n\t\t\t<div class=\"elementor-widget-wrap elementor-element-populated\">\n\t\t\t\t\t\t<div class=\"elementor-element elementor-element-473bcbeb jltma-glass-effect-no elementor-widget elementor-widget-text-editor\" data-id=\"473bcbeb\" data-element_type=\"widget\" data-e-type=\"widget\" data-widget_type=\"text-editor.default\">\n\t\t\t\t<div class=\"elementor-widget-container\">\n\t\t\t\t\t\t\t\t\t<h2><em>1. Generell informasjon<\/em><\/h2><ol><li>Disse retningslinjene gjelder for nettstedet, som drives under nettadressen: www.wellclinic.pl.<\/li><li>Operat\u00f8ren av tjenesten og administrator av personopplysninger er: Wellclinic Sp. z o.o. ul. Kolejowa 49a Lok. U9 01-210 Warszawa<\/li><li>Operat\u00f8rens e-postadresse: kontakt@wellclinic.pl<\/li><li>Operat\u00f8ren er administrator av personopplysningene dine med hensyn til de opplysningene du frivillig oppgir p\u00e5 nettstedet.<\/li><li>Tjenesten bruker personopplysninger til f\u00f8lgende form\u00e5l:<ol><li>Kj\u00f8rer et kommentarsystem<\/li><li>Gjennomf\u00f8ring av nettprat<\/li><li>H\u00e5ndtering av henvendelser via skjemaet<\/li><li>Levering av de forespurte tjenestene<\/li><li>Presentasjon av et tilbud eller informasjon<\/li><li>Telefon- og e-postkontakt<\/li><\/ol><\/li><li>Tjenesten utf\u00f8rer funksjoner for \u00e5 innhente informasjon om brukerne og deres atferd p\u00e5 f\u00f8lgende m\u00e5ter:<ol><li>Gjennom de opplysningene som frivillig legges inn i skjemaene, og som legges inn i operat\u00f8rens systemer.<\/li><li>Ved \u00e5 lagre informasjonskapsler (s\u00e5kalte \"cookies\") p\u00e5 sluttenheter.<\/li><\/ol><\/li><\/ol><h2><em>2. Utvalgte databeskyttelsesmetoder som brukes av operat\u00f8ren<\/em><\/h2><ol><li>Innloggings- og personopplysningssider er beskyttet i overf\u00f8ringslaget (SSL-sertifikat). Dette sikrer at person- og p\u00e5loggingsdataene som legges inn p\u00e5 nettstedet, krypteres p\u00e5 brukerens datamaskin og bare kan leses p\u00e5 m\u00e5lserveren.<\/li><li>Brukerpassordene lagres i hash-form. Hash-funksjonen fungerer enveis - det er ikke mulig \u00e5 reversere den, noe som n\u00e5 er den moderne standarden for lagring av brukerpassord.<\/li><li>Operat\u00f8ren endrer jevnlig de administrative passordene.<\/li><li>Et viktig element i databeskyttelse er regelmessig oppdatering av all programvare som brukes av operat\u00f8ren til \u00e5 behandle personopplysninger, noe som s\u00e6rlig inneb\u00e6rer regelmessige oppdateringer av programvarekomponenter.<\/li><\/ol><h2>3. Hosting<\/h2><ol><li>Tjenesten hostes (teknisk sett vedlikeholdes) p\u00e5 leverand\u00f8rens servere: Cloudflare<\/li><\/ol><h2>4. dine rettigheter og ytterligere informasjon om hvordan opplysningene dine vil bli brukt<\/h2><ol><li>I visse situasjoner har Administrator rett til \u00e5 overf\u00f8re personopplysningene dine til andre mottakere hvis dette er n\u00f8dvendig for \u00e5 oppfylle en avtale som er inng\u00e5tt med deg eller for \u00e5 oppfylle forpliktelser som p\u00e5hviler Administrator. Dette gjelder for slike grupper av mottakere:<ol><li>vertsfirma p\u00e5 delegert basis<\/li><li>advokatfirmaer og inkassoselskaper<\/li><li>betalingsoperat\u00f8rer<\/li><li>operat\u00f8rer av nettbaserte chat-l\u00f8sninger<\/li><li>autoriserte ansatte og samarbeidspartnere som bruker opplysningene for \u00e5 oppfylle form\u00e5let med nettstedet<\/li><li>selskaper som leverer markedsf\u00f8ringstjenester til administratoren<\/li><\/ol><\/li><li>Administrator behandler ikke personopplysningene dine lenger enn det som er n\u00f8dvendig for \u00e5 utf\u00f8re de relaterte aktivitetene som er definert i separate forskrifter (f.eks. om regnskap). N\u00e5r det gjelder markedsf\u00f8ringsdata, vil ikke data behandles lenger enn 3 \u00e5r.<\/li><li>Du har rett til \u00e5 be administratoren om \u00e5 gi deg informasjon:<ol><li>tilgang til personopplysninger om deg,<\/li><li>utbedring av dem,<\/li><li>slettinger,<\/li><li>begrensning av behandlingen,<\/li><li>og dataportabilitet.<\/li><\/ol><\/li><li>Du har rett til \u00e5 protestere mot behandlingen som er angitt i 3.3 c), mot behandling av personopplysningene dine for form\u00e5lene til de legitime interessene som forf\u00f8lges av den behandlingsansvarlige, inkludert profilering, og retten til \u00e5 protestere kan ikke ut\u00f8ves dersom det finnes gyldige legitime grunner for behandlingen som veier tyngre enn dine interesser, rettigheter og friheter, s\u00e6rlig for \u00e5 fastsette, gj\u00f8re gjeldende eller forsvare krav.<\/li><li>Administratorens handlinger kan p\u00e5klages til presidenten for Office for Personal Data Protection, ul. Stawki 2, 00-193 Warszawa.<\/li><li>Det er frivillig \u00e5 oppgi personopplysninger, men det er n\u00f8dvendig for driften av tjenesten.<\/li><li>Automatiserte avgj\u00f8relser, inkludert profilering, kan bli tatt i forhold til deg med det form\u00e5l \u00e5 levere tjenester i henhold til den inng\u00e5tte kontrakten og med det form\u00e5l \u00e5 drive direkte markedsf\u00f8ring fra administratorens side.<\/li><li>Personopplysninger overf\u00f8res ikke fra tredjeland i henhold til personvernlovgivningen. Det betyr at vi ikke sender dem utenfor EU.<\/li><\/ol><h2>5. Informasjon i skjemaene<\/h2><ol><li>Nettstedet samler inn informasjon som brukeren frivillig oppgir, inkludert personopplysninger der det er oppgitt.<\/li><li>Tjenesten kan lagre informasjon om tilkoblingsparametrene (tidsstempel, IP-adresse).<\/li><li>Nettstedet kan i noen tilfeller lagre informasjon for \u00e5 knytte dataene i skjemaet til e-postadressen til brukeren som fyller ut skjemaet. I slike tilfeller vises brukerens e-postadresse i url-adressen til siden som inneholder skjemaet.<\/li><li>Opplysningene som oppgis i skjemaet, behandles for det form\u00e5let som f\u00f8lger av funksjonen til det spesifikke skjemaet, f.eks. for \u00e5 behandle en tjenesteforesp\u00f8rsel eller salgskontakt, registrering av tjenester osv. I hvert enkelt tilfelle informerer konteksten og beskrivelsen av skjemaet tydelig om hva det brukes til.<\/li><\/ol><h2>6 Administratorlogger<\/h2><ol><li>Informasjon om brukeratferd p\u00e5 nettstedet kan bli gjenstand for logging. Disse dataene brukes til administrasjon av nettstedet.<\/li><\/ol><h2>7 Relevante markedsf\u00f8ringsteknikker<\/h2><ol><li>Operat\u00f8ren bruker statistisk analyse av trafikken p\u00e5 nettstedet via Google Analytics (Google Inc., basert i USA). Operat\u00f8ren overf\u00f8rer ikke personopplysninger til operat\u00f8ren av denne tjenesten, kun anonymisert informasjon. Tjenesten er basert p\u00e5 bruk av informasjonskapsler p\u00e5 brukerens terminal. N\u00e5r det gjelder informasjonen om brukerens preferanser som samles inn av Googles annonseringsnettverk, kan brukeren se og redigere informasjonen fra informasjonskapslene ved hjelp av et verkt\u00f8y: <a href=\"https:\/\/www.google.com\/ads\/preferences\/\">https:\/\/www.google.com\/ads\/preferences\/<\/a><\/li><li>Operat\u00f8ren bruker remarketing-teknikker for \u00e5 tilpasse reklamebudskap til brukerens atferd p\u00e5 nettstedet, noe som kan gi inntrykk av at brukerens personopplysninger brukes til \u00e5 spore brukeren, men i praksis overf\u00f8res ingen personopplysninger fra Operat\u00f8ren til reklameoperat\u00f8rene. En teknologisk forutsetning for slike aktiviteter er at informasjonskapsler er aktivert.<\/li><li>Operat\u00f8ren bruker Facebook-pikselen. Denne teknologien s\u00f8rger for at Facebook (Facebook Inc., USA) vet at en person som er registrert hos dem, bruker nettstedet. Operat\u00f8ren overf\u00f8rer ingen ytterligere personopplysninger til Facebook. Tjenesten er basert p\u00e5 bruk av informasjonskapsler p\u00e5 brukerens terminalenhet.<\/li><li>Operat\u00f8ren bruker en l\u00f8sning som automatiserer driften av nettstedet i forhold til brukerne, f.eks. kan den sende en e-post til en bruker etter \u00e5 ha bes\u00f8kt en bestemt underside, forutsatt at brukeren har samtykket til \u00e5 motta kommersiell korrespondanse fra operat\u00f8ren.<\/li><\/ol><h2>8 Informasjon om informasjonskapsler<\/h2><ol><li>Nettstedet bruker informasjonskapsler.<\/li><li>Informasjonskapsler (s\u00e5kalte \"cookies\") er IT-data, s\u00e6rlig tekstfiler, som lagres i Tjenestebrukerens terminalutstyr og er beregnet for bruk p\u00e5 Nettstedet. Informasjonskapsler inneholder vanligvis navnet p\u00e5 nettstedet de kommer fra, tidspunktet de er lagret p\u00e5 terminalutstyret og et unikt nummer.<\/li><li>Det er Tjenesteoperat\u00f8ren som plasserer informasjonskapsler p\u00e5 Tjenestebrukerens terminalutstyr og f\u00e5r tilgang til dem.<\/li><li>Informasjonskapsler brukes til f\u00f8lgende form\u00e5l:<ol><li>opprettholde en \u00f8kt for brukeren av nettstedet (etter innlogging), slik at brukeren ikke trenger \u00e5 oppgi innlogging og passord p\u00e5 nytt p\u00e5 hver underside p\u00e5 nettstedet;<\/li><li>for \u00e5 n\u00e5 m\u00e5lene som er beskrevet ovenfor under \"Viktige markedsf\u00f8ringsteknikker\";<\/li><\/ol><\/li><li>Nettstedet bruker to hovedtyper informasjonskapsler: \"session\" (\u00f8ktinformasjonskapsler) og \"permanent\" (faste informasjonskapsler). \"Session\"-informasjonskapsler er midlertidige filer som lagres p\u00e5 brukerens terminalutstyr inntil brukeren logger av, forlater nettstedet eller sl\u00e5r av programvaren (nettleseren). \"Permanente\" informasjonskapsler lagres p\u00e5 brukerens terminalutstyr i den tiden som er angitt i parameterne for informasjonskapslene, eller til de slettes av brukeren.<\/li><li>Programvare for nettsurfing (nettleser) tillater vanligvis at informasjonskapsler lagres p\u00e5 brukerens terminalenhet som standard. Brukere av nettstedet kan endre innstillingene sine i denne forbindelse. Nettleseren gj\u00f8r det mulig \u00e5 slette informasjonskapsler. Det er ogs\u00e5 mulig \u00e5 blokkere informasjonskapsler automatisk. For mer informasjon, se hjelpen eller dokumentasjonen til nettleseren din.<\/li><li>Begrensninger i bruken av informasjonskapsler kan p\u00e5virke noen av funksjonene som er tilgjengelige p\u00e5 nettstedet.<\/li><li>Informasjonskapsler som plasseres i tjenestebrukerens terminalutstyr, kan ogs\u00e5 brukes av enheter som samarbeider med tjenesteoperat\u00f8ren, s\u00e6rlig selskaper: Google (Google Inc. med base i USA), Facebook (Facebook Inc. med base i USA), Twitter (Twitter Inc. med base i USA).<\/li><\/ol><h2>9. Cookie management - hvordan gi og trekke tilbake samtykke i praksis?<\/h2><ol><li>Hvis du ikke \u00f8nsker \u00e5 motta informasjonskapsler, kan du endre innstillingene i nettleseren din. Vi gj\u00f8r oppmerksom p\u00e5 at deaktivering av informasjonskapsler som er avgj\u00f8rende for autentiseringsprosesser, sikkerhet og vedlikehold av brukerpreferanser, kan gj\u00f8re det vanskelig, og i ekstreme tilfeller umulig, \u00e5 bruke nettsidene.<\/li><li>For \u00e5 administrere innstillingene for informasjonskapsler velger du nettleseren du bruker fra listen nedenfor, og f\u00f8lger instruksjonene:<ol><li>Kant<\/li><li>Internet Explorer<\/li><li>Krom<\/li><li>Safari<\/li><li>Firefox<\/li><li>Opera<\/li><\/ol><\/li><li>Mobile enheter:<ol><li>Android<\/li><li>Safari (iOS)<\/li><li>Windows Phone<\/li><\/ol><\/li><\/ol>\t\t\t\t\t\t\t\t<\/div>\n\t\t\t\t<\/div>\n\t\t\t\t\t<\/div>\n\t\t<\/div>\n\t\t\t\t\t<\/div>\n\t\t<\/section>\n\t\t\t\t<\/div>","protected":false},"excerpt":{"rendered":"<p>1. Informacje og\u00f3lne Niniejsza polityka dotyczy Serwisu www, funkcjonuj\u0105cego pod adresem url: www.wellclinic.pl Operatorem serwisu oraz Administratorem danych osobowych jest: Wellclinic Sp. z o.o. ul. Kolejowa 49a Lok. U9 01-210 Warszawa Adres kontaktowy poczty elektronicznej operatora: kontakt@wellclinic.pl Operator jest Administratorem Twoich danych osobowych w odniesieniu do danych podanych dobrowolnie w Serwisie. Serwis wykorzystuje dane osobowe [&hellip;]<\/p>\n","protected":false},"author":15,"featured_media":0,"parent":0,"menu_order":0,"comment_status":"closed","ping_status":"open","template":"","meta":{"_acf_changed":false,"footnotes":""},"class_list":["post-3","page","type-page","status-publish","hentry"],"acf":[],"yoast_head":"<!-- This site is optimized with the Yoast SEO Premium plugin v21.1 (Yoast SEO v27.1.1) - https:\/\/yoast.com\/product\/yoast-seo-premium-wordpress\/ -->\n<title>Polityka prywatno\u015bci - Wellclinic<\/title>\n<meta name=\"robots\" content=\"index, follow, max-snippet:-1, max-image-preview:large, max-video-preview:-1\" \/>\n<link rel=\"canonical\" href=\"https:\/\/wellclinic.pl\/nb\/personvernerklaering\/\" \/>\n<meta property=\"og:locale\" content=\"nb_NO\" \/>\n<meta property=\"og:type\" content=\"article\" \/>\n<meta property=\"og:title\" content=\"Polityka prywatno\u015bci\" \/>\n<meta property=\"og:description\" content=\"1. Informacje og\u00f3lne Niniejsza polityka dotyczy Serwisu www, funkcjonuj\u0105cego pod adresem url: www.wellclinic.pl Operatorem serwisu oraz Administratorem danych osobowych jest: Wellclinic Sp. z o.o. ul. Kolejowa 49a Lok. U9 01-210 Warszawa Adres kontaktowy poczty elektronicznej operatora: kontakt@wellclinic.pl Operator jest Administratorem Twoich danych osobowych w odniesieniu do danych podanych dobrowolnie w Serwisie. Serwis wykorzystuje dane osobowe [&hellip;]\" \/>\n<meta property=\"og:url\" content=\"https:\/\/wellclinic.pl\/nb\/personvernerklaering\/\" \/>\n<meta property=\"og:site_name\" content=\"Wellclinic\" \/>\n<meta property=\"article:modified_time\" content=\"2025-04-11T12:42:47+00:00\" \/>\n<meta name=\"twitter:card\" content=\"summary_large_image\" \/>\n<meta name=\"twitter:label1\" content=\"Ansl. lesetid\" \/>\n\t<meta name=\"twitter:data1\" content=\"8 minutter\" \/>\n<script type=\"application\/ld+json\" class=\"yoast-schema-graph\">{\"@context\":\"https:\/\/schema.org\",\"@graph\":[{\"@type\":\"WebPage\",\"@id\":\"https:\/\/wellclinic.pl\/polityka-prywatnosci\/\",\"url\":\"https:\/\/wellclinic.pl\/polityka-prywatnosci\/\",\"name\":\"Polityka prywatno\u015bci - Wellclinic\",\"isPartOf\":{\"@id\":\"https:\/\/wellclinic.pl\/#website\"},\"datePublished\":\"2021-10-13T16:12:44+00:00\",\"dateModified\":\"2025-04-11T12:42:47+00:00\",\"breadcrumb\":{\"@id\":\"https:\/\/wellclinic.pl\/polityka-prywatnosci\/#breadcrumb\"},\"inLanguage\":\"nb-NO\",\"potentialAction\":[{\"@type\":\"ReadAction\",\"target\":[\"https:\/\/wellclinic.pl\/polityka-prywatnosci\/\"]}]},{\"@type\":\"BreadcrumbList\",\"@id\":\"https:\/\/wellclinic.pl\/polityka-prywatnosci\/#breadcrumb\",\"itemListElement\":[{\"@type\":\"ListItem\",\"position\":1,\"name\":\"Strona g\u0142\u00f3wna\",\"item\":\"https:\/\/wellclinic.pl\/\"},{\"@type\":\"ListItem\",\"position\":2,\"name\":\"Polityka prywatno\u015bci\"}]},{\"@type\":\"WebSite\",\"@id\":\"https:\/\/wellclinic.pl\/#website\",\"url\":\"https:\/\/wellclinic.pl\/\",\"name\":\"Wellclinic Klinika Medycyny Estetycznej - Warszawa i Gda\u0144sk\",\"description\":\"Klinika Medycyny Estetycznej - Warszawa i Gda\u0144sk\",\"potentialAction\":[{\"@type\":\"SearchAction\",\"target\":{\"@type\":\"EntryPoint\",\"urlTemplate\":\"https:\/\/wellclinic.pl\/?s={search_term_string}\"},\"query-input\":{\"@type\":\"PropertyValueSpecification\",\"valueRequired\":true,\"valueName\":\"search_term_string\"}}],\"inLanguage\":\"nb-NO\"}]}<\/script>\n<!-- \/ Yoast SEO Premium plugin. -->","yoast_head_json":{"title":"Retningslinjer for personvern - Wellclinic","robots":{"index":"index","follow":"follow","max-snippet":"max-snippet:-1","max-image-preview":"max-image-preview:large","max-video-preview":"max-video-preview:-1"},"canonical":"https:\/\/wellclinic.pl\/nb\/personvernerklaering\/","og_locale":"nb_NO","og_type":"article","og_title":"Polityka prywatno\u015bci","og_description":"1. Informacje og\u00f3lne Niniejsza polityka dotyczy Serwisu www, funkcjonuj\u0105cego pod adresem url: www.wellclinic.pl Operatorem serwisu oraz Administratorem danych osobowych jest: Wellclinic Sp. z o.o. ul. Kolejowa 49a Lok. U9 01-210 Warszawa Adres kontaktowy poczty elektronicznej operatora: kontakt@wellclinic.pl Operator jest Administratorem Twoich danych osobowych w odniesieniu do danych podanych dobrowolnie w Serwisie. Serwis wykorzystuje dane osobowe [&hellip;]","og_url":"https:\/\/wellclinic.pl\/nb\/personvernerklaering\/","og_site_name":"Wellclinic","article_modified_time":"2025-04-11T12:42:47+00:00","twitter_card":"summary_large_image","twitter_misc":{"Ansl. lesetid":"8 minutter"},"schema":{"@context":"https:\/\/schema.org","@graph":[{"@type":"WebPage","@id":"https:\/\/wellclinic.pl\/polityka-prywatnosci\/","url":"https:\/\/wellclinic.pl\/polityka-prywatnosci\/","name":"Retningslinjer for personvern - Wellclinic","isPartOf":{"@id":"https:\/\/wellclinic.pl\/#website"},"datePublished":"2021-10-13T16:12:44+00:00","dateModified":"2025-04-11T12:42:47+00:00","breadcrumb":{"@id":"https:\/\/wellclinic.pl\/polityka-prywatnosci\/#breadcrumb"},"inLanguage":"nb-NO","potentialAction":[{"@type":"ReadAction","target":["https:\/\/wellclinic.pl\/polityka-prywatnosci\/"]}]},{"@type":"BreadcrumbList","@id":"https:\/\/wellclinic.pl\/polityka-prywatnosci\/#breadcrumb","itemListElement":[{"@type":"ListItem","position":1,"name":"Strona g\u0142\u00f3wna","item":"https:\/\/wellclinic.pl\/"},{"@type":"ListItem","position":2,"name":"Polityka prywatno\u015bci"}]},{"@type":"WebSite","@id":"https:\/\/wellclinic.pl\/#website","url":"https:\/\/wellclinic.pl\/","name":"Wellclinic Klinikk for estetisk medisin - Warszawa og Gdansk","description":"Klinikk for estetisk medisin - Warszawa og Gdansk","potentialAction":[{"@type":"SearchAction","target":{"@type":"EntryPoint","urlTemplate":"https:\/\/wellclinic.pl\/?s={search_term_string}"},"query-input":{"@type":"PropertyValueSpecification","valueRequired":true,"valueName":"search_term_string"}}],"inLanguage":"nb-NO"}]}},"_links":{"self":[{"href":"https:\/\/wellclinic.pl\/nb\/wp-json\/wp\/v2\/pages\/3","targetHints":{"allow":["GET"]}}],"collection":[{"href":"https:\/\/wellclinic.pl\/nb\/wp-json\/wp\/v2\/pages"}],"about":[{"href":"https:\/\/wellclinic.pl\/nb\/wp-json\/wp\/v2\/types\/page"}],"author":[{"embeddable":true,"href":"https:\/\/wellclinic.pl\/nb\/wp-json\/wp\/v2\/users\/15"}],"replies":[{"embeddable":true,"href":"https:\/\/wellclinic.pl\/nb\/wp-json\/wp\/v2\/comments?post=3"}],"version-history":[{"count":3,"href":"https:\/\/wellclinic.pl\/nb\/wp-json\/wp\/v2\/pages\/3\/revisions"}],"predecessor-version":[{"id":28350,"href":"https:\/\/wellclinic.pl\/nb\/wp-json\/wp\/v2\/pages\/3\/revisions\/28350"}],"wp:attachment":[{"href":"https:\/\/wellclinic.pl\/nb\/wp-json\/wp\/v2\/media?parent=3"}],"curies":[{"name":"wp","href":"https:\/\/api.w.org\/{rel}","templated":true}]}}