{"id":3211,"date":"2021-11-29T15:56:59","date_gmt":"2021-11-29T14:56:59","guid":{"rendered":"https:\/\/wellclinic.pl\/?page_id=3211"},"modified":"2026-01-09T10:39:07","modified_gmt":"2026-01-09T09:39:07","slug":"4d-endolifting","status":"publish","type":"page","link":"https:\/\/wellclinic.pl\/nb\/przed-i-po\/twarz\/endolifting-4d\/","title":{"rendered":"4D endolifting"},"content":{"rendered":"<div data-elementor-type=\"wp-page\" data-elementor-id=\"3211\" class=\"elementor elementor-3211\" data-elementor-post-type=\"page\">\n\t\t\t\t\t\t<section class=\"elementor-section elementor-top-section elementor-element elementor-element-22c4e67d elementor-section-boxed elementor-section-height-default elementor-section-height-default jltma-glass-effect-no\" data-id=\"22c4e67d\" data-element_type=\"section\" data-e-type=\"section\" data-settings=\"{&quot;background_background&quot;:&quot;classic&quot;}\">\n\t\t\t\t\t\t\t<div class=\"elementor-background-overlay\"><\/div>\n\t\t\t\t\t\t\t<div class=\"elementor-container elementor-column-gap-default\">\n\t\t\t\t\t<div class=\"elementor-column elementor-col-100 elementor-top-column elementor-element elementor-element-243ab4eb jltma-glass-effect-no\" data-id=\"243ab4eb\" data-element_type=\"column\" data-e-type=\"column\">\n\t\t\t<div class=\"elementor-widget-wrap elementor-element-populated\">\n\t\t\t\t\t\t<div class=\"elementor-element elementor-element-42c9407d jltma-glass-effect-no elementor-widget elementor-widget-heading\" data-id=\"42c9407d\" data-element_type=\"widget\" data-e-type=\"widget\" data-widget_type=\"heading.default\">\n\t\t\t\t<div class=\"elementor-widget-container\">\n\t\t\t\t\t<h2 class=\"elementor-heading-title elementor-size-default\">4D endolifting<\/h2>\t\t\t\t<\/div>\n\t\t\t\t<\/div>\n\t\t\t\t<div class=\"elementor-element elementor-element-1287ee29 elementor-hidden-mobile elementor-widget-divider--view-line jltma-glass-effect-no elementor-widget elementor-widget-divider\" data-id=\"1287ee29\" data-element_type=\"widget\" data-e-type=\"widget\" data-widget_type=\"divider.default\">\n\t\t\t\t<div class=\"elementor-widget-container\">\n\t\t\t\t\t\t\t<div class=\"elementor-divider\">\n\t\t\t<span class=\"elementor-divider-separator\">\n\t\t\t\t\t\t<\/span>\n\t\t<\/div>\n\t\t\t\t\t\t<\/div>\n\t\t\t\t<\/div>\n\t\t\t\t<div class=\"elementor-element elementor-element-12cea5de jltma-glass-effect-no elementor-widget elementor-widget-heading\" data-id=\"12cea5de\" data-element_type=\"widget\" data-e-type=\"widget\" data-widget_type=\"heading.default\">\n\t\t\t\t<div class=\"elementor-widget-container\">\n\t\t\t\t\t<h2 class=\"elementor-heading-title elementor-size-default\">Spektakul\u00e6re effekter av behandlinger innen estetisk medisin<\/h2>\t\t\t\t<\/div>\n\t\t\t\t<\/div>\n\t\t\t\t\t<\/div>\n\t\t<\/div>\n\t\t\t\t\t<\/div>\n\t\t<\/section>\n\t\t\t\t<section class=\"elementor-section elementor-top-section elementor-element elementor-element-b2f35d4 elementor-section-boxed elementor-section-height-default elementor-section-height-default jltma-glass-effect-no\" data-id=\"b2f35d4\" data-element_type=\"section\" data-e-type=\"section\">\n\t\t\t\t\t\t<div class=\"elementor-container elementor-column-gap-default\">\n\t\t\t\t\t<div class=\"elementor-column elementor-col-100 elementor-top-column elementor-element elementor-element-fc1a1c8 jltma-glass-effect-no\" data-id=\"fc1a1c8\" data-element_type=\"column\" data-e-type=\"column\">\n\t\t\t<div class=\"elementor-widget-wrap elementor-element-populated\">\n\t\t\t\t\t\t<div class=\"elementor-element elementor-element-187c02a jltma-glass-effect-no elementor-widget elementor-widget-heading\" data-id=\"187c02a\" data-element_type=\"widget\" data-e-type=\"widget\" data-widget_type=\"heading.default\">\n\t\t\t\t<div class=\"elementor-widget-container\">\n\t\t\t\t\t<h2 class=\"elementor-heading-title elementor-size-default\">Snart tilgjengelig p\u00e5 Wellclinic<\/h2>\t\t\t\t<\/div>\n\t\t\t\t<\/div>\n\t\t\t\t\t<\/div>\n\t\t<\/div>\n\t\t\t\t\t<\/div>\n\t\t<\/section>\n\t\t\t\t<section class=\"elementor-section elementor-top-section elementor-element elementor-element-f439f74 elementor-section-boxed elementor-section-height-default elementor-section-height-default jltma-glass-effect-no\" data-id=\"f439f74\" data-element_type=\"section\" data-e-type=\"section\" data-settings=\"{&quot;background_background&quot;:&quot;classic&quot;}\">\n\t\t\t\t\t\t<div class=\"elementor-container elementor-column-gap-default\">\n\t\t\t\t\t<div class=\"elementor-column elementor-col-100 elementor-top-column elementor-element elementor-element-ca96bda jltma-glass-effect-no\" data-id=\"ca96bda\" data-element_type=\"column\" data-e-type=\"column\">\n\t\t\t<div class=\"elementor-widget-wrap elementor-element-populated\">\n\t\t\t\t\t\t<div class=\"elementor-element elementor-element-8f8acb6 jltma-glass-effect-no elementor-widget elementor-widget-heading\" data-id=\"8f8acb6\" data-element_type=\"widget\" data-e-type=\"widget\" data-widget_type=\"heading.default\">\n\t\t\t\t<div class=\"elementor-widget-container\">\n\t\t\t\t\t<h2 class=\"elementor-heading-title elementor-size-default\"><br><\/h2>\t\t\t\t<\/div>\n\t\t\t\t<\/div>\n\t\t\t\t<section class=\"elementor-section elementor-inner-section elementor-element elementor-element-b0d97be elementor-section-boxed elementor-section-height-default elementor-section-height-default jltma-glass-effect-no\" data-id=\"b0d97be\" data-element_type=\"section\" data-e-type=\"section\">\n\t\t\t\t\t\t<div class=\"elementor-container elementor-column-gap-default\">\n\t\t\t\t\t<div class=\"elementor-column elementor-col-100 elementor-inner-column elementor-element elementor-element-3526f21 jltma-glass-effect-no\" data-id=\"3526f21\" data-element_type=\"column\" data-e-type=\"column\">\n\t\t\t<div class=\"elementor-widget-wrap elementor-element-populated\">\n\t\t\t\t\t\t<div class=\"elementor-element elementor-element-d45be4a jltma-glass-effect-no elementor-widget elementor-widget-shortcode\" data-id=\"d45be4a\" data-element_type=\"widget\" data-e-type=\"widget\" data-widget_type=\"shortcode.default\">\n\t\t\t\t<div class=\"elementor-widget-container\">\n\t\t\t\t\t\t\t<div class=\"elementor-shortcode\">\t\t<div data-elementor-type=\"wp-post\" data-elementor-id=\"47162\" class=\"elementor elementor-47162\" data-elementor-post-type=\"ae_global_templates\">\n\t\t\t\t\t\t<section class=\"elementor-section elementor-top-section elementor-element elementor-element-343d0e1 contact elementor-section-boxed elementor-section-height-default elementor-section-height-default jltma-glass-effect-no\" data-id=\"343d0e1\" data-element_type=\"section\" data-e-type=\"section\" data-settings=\"{&quot;background_background&quot;:&quot;classic&quot;}\">\n\t\t\t\t\t\t<div class=\"elementor-container elementor-column-gap-default\">\n\t\t\t\t\t<div class=\"elementor-column elementor-col-100 elementor-top-column elementor-element elementor-element-a55c776 jltma-glass-effect-no\" data-id=\"a55c776\" data-element_type=\"column\" data-e-type=\"column\">\n\t\t\t<div class=\"elementor-widget-wrap elementor-element-populated\">\n\t\t\t\t\t\t<div class=\"elementor-element elementor-element-68a257f jltma-glass-effect-no elementor-widget elementor-widget-heading\" data-id=\"68a257f\" data-element_type=\"widget\" data-e-type=\"widget\" data-widget_type=\"heading.default\">\n\t\t\t\t<div class=\"elementor-widget-container\">\n\t\t\t\t\t<h2 class=\"elementor-heading-title elementor-size-default\">Bestill en time<\/h2>\t\t\t\t<\/div>\n\t\t\t\t<\/div>\n\t\t\t\t<section class=\"elementor-section elementor-inner-section elementor-element elementor-element-2a347bc elementor-section-boxed elementor-section-height-default elementor-section-height-default jltma-glass-effect-no\" data-id=\"2a347bc\" data-element_type=\"section\" data-e-type=\"section\">\n\t\t\t\t\t\t<div class=\"elementor-container elementor-column-gap-default\">\n\t\t\t\t\t<div class=\"elementor-column elementor-col-100 elementor-inner-column elementor-element elementor-element-24cc46c jltma-glass-effect-no\" data-id=\"24cc46c\" data-element_type=\"column\" data-e-type=\"column\">\n\t\t\t<div class=\"elementor-widget-wrap elementor-element-populated\">\n\t\t\t\t\t\t<div class=\"elementor-element elementor-element-9f8b192 jltma-glass-effect-no elementor-widget elementor-widget-text-editor\" data-id=\"9f8b192\" data-element_type=\"widget\" data-e-type=\"widget\" data-widget_type=\"text-editor.default\">\n\t\t\t\t<div class=\"elementor-widget-container\">\n\t\t\t\t\t\t\t\t\t<p>Ring<\/p>\t\t\t\t\t\t\t\t<\/div>\n\t\t\t\t<\/div>\n\t\t\t\t<div class=\"elementor-element elementor-element-28b7132 jltma-glass-effect-no elementor-widget elementor-widget-text-editor\" data-id=\"28b7132\" data-element_type=\"widget\" data-e-type=\"widget\" data-widget_type=\"text-editor.default\">\n\t\t\t\t<div class=\"elementor-widget-container\">\n\t\t\t\t\t\t\t\t\t<p>vi vil gj\u00f8re en avtale for deg<\/p>\t\t\t\t\t\t\t\t<\/div>\n\t\t\t\t<\/div>\n\t\t\t\t<div class=\"elementor-element elementor-element-613225a elementor-mobile-align-center elementor-align-center elementor-icon-list--layout-traditional elementor-list-item-link-full_width jltma-glass-effect-no elementor-widget elementor-widget-icon-list\" data-id=\"613225a\" data-element_type=\"widget\" data-e-type=\"widget\" data-widget_type=\"icon-list.default\">\n\t\t\t\t<div class=\"elementor-widget-container\">\n\t\t\t\t\t\t\t<ul class=\"elementor-icon-list-items\">\n\t\t\t\t\t\t\t<li class=\"elementor-icon-list-item\">\n\t\t\t\t\t\t\t\t\t\t\t<span class=\"elementor-icon-list-icon\">\n\t\t\t\t\t\t\t<i aria-hidden=\"true\" class=\"fas fa-phone-alt\"><\/i>\t\t\t\t\t\t<\/span>\n\t\t\t\t\t\t\t\t\t\t<span class=\"elementor-icon-list-text\"><a href=\"tlf:+48600100177\">+48 600 100 177<\/a><\/span>\n\t\t\t\t\t\t\t\t\t<\/li>\n\t\t\t\t\t\t<\/ul>\n\t\t\t\t\t\t<\/div>\n\t\t\t\t<\/div>\n\t\t\t\t\t<\/div>\n\t\t<\/div>\n\t\t\t\t\t<\/div>\n\t\t<\/section>\n\t\t\t\t\t<\/div>\n\t\t<\/div>\n\t\t\t\t\t<\/div>\n\t\t<\/section>\n\t\t\t\t<\/div>\n\t\t<\/div>\n\t\t\t\t\t\t<\/div>\n\t\t\t\t<\/div>\n\t\t\t\t<div class=\"elementor-element elementor-element-6e8d671 jltma-glass-effect-no elementor-widget elementor-widget-heading\" data-id=\"6e8d671\" data-element_type=\"widget\" data-e-type=\"widget\" data-widget_type=\"heading.default\">\n\t\t\t\t<div class=\"elementor-widget-container\">\n\t\t\t\t\t<h2 class=\"elementor-heading-title elementor-size-default\">Kontaktskjema<\/h2>\t\t\t\t<\/div>\n\t\t\t\t<\/div>\n\t\t\t\t<div class=\"elementor-element elementor-element-67276fb jltma-glass-effect-no elementor-widget elementor-widget-shortcode\" data-id=\"67276fb\" data-element_type=\"widget\" data-e-type=\"widget\" data-widget_type=\"shortcode.default\">\n\t\t\t\t<div class=\"elementor-widget-container\">\n\t\t\t\t\t\t\t<div class=\"elementor-shortcode\">\n<div class=\"wpcf7 no-js\" id=\"wpcf7-f46275-o1\" lang=\"pl-PL\" dir=\"ltr\" data-wpcf7-id=\"46275\">\n<div class=\"screen-reader-response\"><p role=\"status\" aria-live=\"polite\" aria-atomic=\"true\"><\/p> <ul><\/ul><\/div>\n<form action=\"\/nb\/wp-json\/wp\/v2\/pages\/3211#wpcf7-f46275-o1\" method=\"post\" class=\"wpcf7-form init\" aria-label=\"Kontaktskjema\" novalidate=\"novalidate\" data-status=\"init\" data-trp-original-action=\"\/nb\/wp-json\/wp\/v2\/pages\/3211#wpcf7-f46275-o1\">\n<fieldset class=\"hidden-fields-container\"><input type=\"hidden\" name=\"_wpcf7\" value=\"46275\" \/><input type=\"hidden\" name=\"_wpcf7_version\" value=\"6.1.5\" \/><input type=\"hidden\" name=\"_wpcf7_locale\" value=\"pl_PL\" \/><input type=\"hidden\" name=\"_wpcf7_unit_tag\" value=\"wpcf7-f46275-o1\" \/><input type=\"hidden\" name=\"_wpcf7_container_post\" value=\"0\" \/><input type=\"hidden\" name=\"_wpcf7_posted_data_hash\" value=\"\" \/>\n<\/fieldset>\n<p><label> Navn<br \/>\n<span class=\"wpcf7-form-control-wrap\" data-name=\"your-name\"><input size=\"40\" maxlength=\"400\" class=\"wpcf7-form-control wpcf7-text wpcf7-validates-as-required\" autocomplete=\"name\" aria-required=\"true\" aria-invalid=\"false\" value=\"\" type=\"text\" name=\"your-name\" \/><\/span> <\/label>\n<\/p>\n<div class=\"e-mail-phone-section\">\n\t<p><label> E-postadresse<br \/>\n<span class=\"wpcf7-form-control-wrap\" data-name=\"your-email\"><input size=\"40\" maxlength=\"400\" class=\"wpcf7-form-control wpcf7-email wpcf7-validates-as-required wpcf7-text wpcf7-validates-as-email\" autocomplete=\"email\" aria-required=\"true\" aria-invalid=\"false\" value=\"\" type=\"email\" name=\"your-email\" \/><\/span> <\/label>\n\t<\/p>\n\t<p><label> Telefonnummer<br \/>\n<span class=\"wpcf7-form-control-wrap\" data-name=\"numer-telefonu\"><input size=\"40\" maxlength=\"400\" class=\"wpcf7-form-control wpcf7-tel wpcf7-text wpcf7-validates-as-tel\" aria-invalid=\"false\" value=\"\" type=\"tel\" name=\"numer-telefonu\" \/><\/span> <\/label>\n\t<\/p>\n<\/div>\n<p><label> Velg en by<br \/>\n<span class=\"wpcf7-form-control-wrap\" data-name=\"miasto\"><select class=\"wpcf7-form-control wpcf7-select wpcf7-validates-as-required\" aria-required=\"true\" aria-invalid=\"false\" name=\"miasto\"><option value=\"Warszawa\">Warszawa<\/option><option value=\"Gda\u0144sk\">Gdansk<\/option><option value=\"Krak\u00f3w\">Krakow<\/option><\/select><\/span><\/label>\n<\/p>\n<p><label> Din melding<br \/>\n<span class=\"wpcf7-form-control-wrap\" data-name=\"wiadomosc\"><textarea cols=\"10\" rows=\"4\" maxlength=\"2000\" class=\"wpcf7-form-control wpcf7-textarea wpcf7-validates-as-required\" aria-required=\"true\" aria-invalid=\"false\" name=\"wiadomosc\"><\/textarea><\/span> <\/label>\n<\/p>\n<p><span class=\"wpcf7-form-control-wrap\" data-name=\"acceptance-201\"><span class=\"wpcf7-form-control wpcf7-acceptance\"><span class=\"wpcf7-list-item\"><label><input type=\"checkbox\" name=\"acceptance-201\" value=\"1\" aria-invalid=\"false\" \/><span class=\"wpcf7-list-item-label\">Jeg aksepterer  <a href=\"https:\/\/wellclinic.pl\/nb\/personvernerklaering\/?swcfpc=1\" target=\"_blank\">personvernerkl\u00e6ring<\/a><\/span><\/label><\/span><\/span><\/span>\n<\/p>\n<div class=\"wpcf7-turnstile cf-turnstile\" data-sitekey=\"0x4AAAAAAB9w8R5f6HgC6PfO\" data-response-field-name=\"_wpcf7_turnstile_response\" data-size=\"flexible\" data-language=\"pl\"><\/div>\n<center>\n\t<p><input class=\"wpcf7-form-control wpcf7-submit has-spinner\" type=\"submit\" value=\"Send\" \/>\n\t<\/p>\n<\/center><div class=\"wpcf7-response-output\" aria-hidden=\"true\"><\/div>\n<input type=\"hidden\" name=\"trp-form-language\" value=\"nb\"\/><\/form>\n<\/div>\n<\/div>\n\t\t\t\t\t\t<\/div>\n\t\t\t\t<\/div>\n\t\t\t\t\t<\/div>\n\t\t<\/div>\n\t\t\t\t\t<\/div>\n\t\t<\/section>\n\t\t\t\t\t<\/div>\n\t\t<\/div>\n\t\t\t\t\t<\/div>\n\t\t<\/section>\n\t\t\t\t<\/div>","protected":false},"excerpt":{"rendered":"<p>Endolifting 4D Spektakul\u00e6re effekter av estetiske medisinske behandlinger Snart tilgjengelig hos Wellclinic Kontaktskjema<\/p>","protected":false},"author":15,"featured_media":5448,"parent":1194,"menu_order":0,"comment_status":"closed","ping_status":"open","template":"","meta":{"_acf_changed":false,"footnotes":""},"class_list":["post-3211","page","type-page","status-publish","has-post-thumbnail","hentry"],"acf":[],"yoast_head":"<!-- This site is optimized with the Yoast SEO Premium plugin v21.1 (Yoast SEO v27.1.1) - https:\/\/yoast.com\/product\/yoast-seo-premium-wordpress\/ -->\n<title>Endolifting 4D odm\u0142adzanie twarzy - efekty laserem FOTONA - Warszawe i Gda\u0144sk<\/title>\n<meta name=\"description\" content=\"Endolifting 4D odm\u0142adzanie twarzy, usuwanie zmarszczek oraz poprawa napi\u0119cia twarzy oraz uniesienie powiek i opadaj\u0105cych policzk\u00f3w.\" \/>\n<meta name=\"robots\" content=\"index, follow, max-snippet:-1, max-image-preview:large, max-video-preview:-1\" \/>\n<link rel=\"canonical\" href=\"https:\/\/wellclinic.pl\/nb\/for-og-etter\/ansikt\/4d-endolifting\/\" \/>\n<meta property=\"og:locale\" content=\"nb_NO\" \/>\n<meta property=\"og:type\" content=\"article\" \/>\n<meta property=\"og:title\" content=\"Endolifting 4D\" \/>\n<meta property=\"og:description\" content=\"Endolifting 4D odm\u0142adzanie twarzy, usuwanie zmarszczek oraz poprawa napi\u0119cia twarzy oraz uniesienie powiek i opadaj\u0105cych policzk\u00f3w.\" \/>\n<meta property=\"og:url\" content=\"https:\/\/wellclinic.pl\/nb\/for-og-etter\/ansikt\/4d-endolifting\/\" \/>\n<meta property=\"og:site_name\" content=\"Wellclinic\" \/>\n<meta property=\"article:modified_time\" content=\"2026-01-09T09:39:07+00:00\" \/>\n<meta property=\"og:image\" content=\"https:\/\/wellclinic.pl\/wp-content\/uploads\/2022\/03\/endolifting-4d-przed-i-po-metamorfoza.png\" \/>\n\t<meta property=\"og:image:width\" content=\"940\" \/>\n\t<meta property=\"og:image:height\" content=\"788\" \/>\n\t<meta property=\"og:image:type\" content=\"image\/png\" \/>\n<meta name=\"twitter:card\" content=\"summary_large_image\" \/>\n<meta name=\"twitter:label1\" content=\"Ansl. lesetid\" \/>\n\t<meta name=\"twitter:data1\" content=\"1 minutt\" \/>\n<script type=\"application\/ld+json\" class=\"yoast-schema-graph\">{\"@context\":\"https:\/\/schema.org\",\"@graph\":[{\"@type\":\"WebPage\",\"@id\":\"https:\/\/wellclinic.pl\/przed-i-po\/twarz\/endolifting-4d\/\",\"url\":\"https:\/\/wellclinic.pl\/przed-i-po\/twarz\/endolifting-4d\/\",\"name\":\"Endolifting 4D odm\u0142adzanie twarzy - efekty laserem FOTONA - Warszawe i Gda\u0144sk\",\"isPartOf\":{\"@id\":\"https:\/\/wellclinic.pl\/#website\"},\"primaryImageOfPage\":{\"@id\":\"https:\/\/wellclinic.pl\/przed-i-po\/twarz\/endolifting-4d\/#primaryimage\"},\"image\":{\"@id\":\"https:\/\/wellclinic.pl\/przed-i-po\/twarz\/endolifting-4d\/#primaryimage\"},\"thumbnailUrl\":\"https:\/\/wellclinic.pl\/wp-content\/uploads\/2022\/03\/endolifting-4d-przed-i-po-metamorfoza.png\",\"datePublished\":\"2021-11-29T14:56:59+00:00\",\"dateModified\":\"2026-01-09T09:39:07+00:00\",\"description\":\"Endolifting 4D odm\u0142adzanie twarzy, usuwanie zmarszczek oraz poprawa napi\u0119cia twarzy oraz uniesienie powiek i opadaj\u0105cych policzk\u00f3w.\",\"breadcrumb\":{\"@id\":\"https:\/\/wellclinic.pl\/przed-i-po\/twarz\/endolifting-4d\/#breadcrumb\"},\"inLanguage\":\"nb-NO\",\"potentialAction\":[{\"@type\":\"ReadAction\",\"target\":[\"https:\/\/wellclinic.pl\/przed-i-po\/twarz\/endolifting-4d\/\"]}]},{\"@type\":\"ImageObject\",\"inLanguage\":\"nb-NO\",\"@id\":\"https:\/\/wellclinic.pl\/przed-i-po\/twarz\/endolifting-4d\/#primaryimage\",\"url\":\"https:\/\/wellclinic.pl\/wp-content\/uploads\/2022\/03\/endolifting-4d-przed-i-po-metamorfoza.png\",\"contentUrl\":\"https:\/\/wellclinic.pl\/wp-content\/uploads\/2022\/03\/endolifting-4d-przed-i-po-metamorfoza.png\",\"width\":940,\"height\":788,\"caption\":\"endolifting 4d odm\u0142adzanie twarzy przed i po metamorfoza\"},{\"@type\":\"BreadcrumbList\",\"@id\":\"https:\/\/wellclinic.pl\/przed-i-po\/twarz\/endolifting-4d\/#breadcrumb\",\"itemListElement\":[{\"@type\":\"ListItem\",\"position\":1,\"name\":\"Strona g\u0142\u00f3wna\",\"item\":\"https:\/\/wellclinic.pl\/\"},{\"@type\":\"ListItem\",\"position\":2,\"name\":\"Przed i po\",\"item\":\"https:\/\/wellclinic.pl\/przed-i-po\/\"},{\"@type\":\"ListItem\",\"position\":3,\"name\":\"Twarz\",\"item\":\"https:\/\/wellclinic.pl\/przed-i-po\/twarz\/\"},{\"@type\":\"ListItem\",\"position\":4,\"name\":\"Endolifting 4D\"}]},{\"@type\":\"WebSite\",\"@id\":\"https:\/\/wellclinic.pl\/#website\",\"url\":\"https:\/\/wellclinic.pl\/\",\"name\":\"Wellclinic Klinika Medycyny Estetycznej - Warszawa i Gda\u0144sk\",\"description\":\"Klinika Medycyny Estetycznej - Warszawa i Gda\u0144sk\",\"potentialAction\":[{\"@type\":\"SearchAction\",\"target\":{\"@type\":\"EntryPoint\",\"urlTemplate\":\"https:\/\/wellclinic.pl\/?s={search_term_string}\"},\"query-input\":{\"@type\":\"PropertyValueSpecification\",\"valueRequired\":true,\"valueName\":\"search_term_string\"}}],\"inLanguage\":\"nb-NO\"}]}<\/script>\n<!-- \/ Yoast SEO Premium plugin. -->","yoast_head_json":{"title":"4D endolifting ansiktsforyngelse - effekter med FOTONA laser - Warszawa og Gdansk","description":"4D endolifting ansiktsforyngelse som fjerner rynker, forbedrer ansiktstonen og l\u00f8fter \u00f8yelokk og hengende kinn.","robots":{"index":"index","follow":"follow","max-snippet":"max-snippet:-1","max-image-preview":"max-image-preview:large","max-video-preview":"max-video-preview:-1"},"canonical":"https:\/\/wellclinic.pl\/nb\/for-og-etter\/ansikt\/4d-endolifting\/","og_locale":"nb_NO","og_type":"article","og_title":"Endolifting 4D","og_description":"Endolifting 4D odm\u0142adzanie twarzy, usuwanie zmarszczek oraz poprawa napi\u0119cia twarzy oraz uniesienie powiek i opadaj\u0105cych policzk\u00f3w.","og_url":"https:\/\/wellclinic.pl\/nb\/for-og-etter\/ansikt\/4d-endolifting\/","og_site_name":"Wellclinic","article_modified_time":"2026-01-09T09:39:07+00:00","og_image":[{"width":940,"height":788,"url":"https:\/\/wellclinic.pl\/wp-content\/uploads\/2022\/03\/endolifting-4d-przed-i-po-metamorfoza.png","type":"image\/png"}],"twitter_card":"summary_large_image","twitter_misc":{"Ansl. lesetid":"1 minutt"},"schema":{"@context":"https:\/\/schema.org","@graph":[{"@type":"WebPage","@id":"https:\/\/wellclinic.pl\/przed-i-po\/twarz\/endolifting-4d\/","url":"https:\/\/wellclinic.pl\/przed-i-po\/twarz\/endolifting-4d\/","name":"4D endolifting ansiktsforyngelse - effekter med FOTONA laser - Warszawa og Gdansk","isPartOf":{"@id":"https:\/\/wellclinic.pl\/#website"},"primaryImageOfPage":{"@id":"https:\/\/wellclinic.pl\/przed-i-po\/twarz\/endolifting-4d\/#primaryimage"},"image":{"@id":"https:\/\/wellclinic.pl\/przed-i-po\/twarz\/endolifting-4d\/#primaryimage"},"thumbnailUrl":"https:\/\/wellclinic.pl\/wp-content\/uploads\/2022\/03\/endolifting-4d-przed-i-po-metamorfoza.png","datePublished":"2021-11-29T14:56:59+00:00","dateModified":"2026-01-09T09:39:07+00:00","description":"4D endolifting ansiktsforyngelse som fjerner rynker, forbedrer ansiktstonen og l\u00f8fter \u00f8yelokk og hengende kinn.","breadcrumb":{"@id":"https:\/\/wellclinic.pl\/przed-i-po\/twarz\/endolifting-4d\/#breadcrumb"},"inLanguage":"nb-NO","potentialAction":[{"@type":"ReadAction","target":["https:\/\/wellclinic.pl\/przed-i-po\/twarz\/endolifting-4d\/"]}]},{"@type":"ImageObject","inLanguage":"nb-NO","@id":"https:\/\/wellclinic.pl\/przed-i-po\/twarz\/endolifting-4d\/#primaryimage","url":"https:\/\/wellclinic.pl\/wp-content\/uploads\/2022\/03\/endolifting-4d-przed-i-po-metamorfoza.png","contentUrl":"https:\/\/wellclinic.pl\/wp-content\/uploads\/2022\/03\/endolifting-4d-przed-i-po-metamorfoza.png","width":940,"height":788,"caption":"endolifting 4d odm\u0142adzanie twarzy przed i po metamorfoza"},{"@type":"BreadcrumbList","@id":"https:\/\/wellclinic.pl\/przed-i-po\/twarz\/endolifting-4d\/#breadcrumb","itemListElement":[{"@type":"ListItem","position":1,"name":"Strona g\u0142\u00f3wna","item":"https:\/\/wellclinic.pl\/"},{"@type":"ListItem","position":2,"name":"Przed i po","item":"https:\/\/wellclinic.pl\/przed-i-po\/"},{"@type":"ListItem","position":3,"name":"Twarz","item":"https:\/\/wellclinic.pl\/przed-i-po\/twarz\/"},{"@type":"ListItem","position":4,"name":"Endolifting 4D"}]},{"@type":"WebSite","@id":"https:\/\/wellclinic.pl\/#website","url":"https:\/\/wellclinic.pl\/","name":"Wellclinic Klinikk for estetisk medisin - Warszawa og Gdansk","description":"Klinikk for estetisk medisin - Warszawa og Gdansk","potentialAction":[{"@type":"SearchAction","target":{"@type":"EntryPoint","urlTemplate":"https:\/\/wellclinic.pl\/?s={search_term_string}"},"query-input":{"@type":"PropertyValueSpecification","valueRequired":true,"valueName":"search_term_string"}}],"inLanguage":"nb-NO"}]}},"_links":{"self":[{"href":"https:\/\/wellclinic.pl\/nb\/wp-json\/wp\/v2\/pages\/3211","targetHints":{"allow":["GET"]}}],"collection":[{"href":"https:\/\/wellclinic.pl\/nb\/wp-json\/wp\/v2\/pages"}],"about":[{"href":"https:\/\/wellclinic.pl\/nb\/wp-json\/wp\/v2\/types\/page"}],"author":[{"embeddable":true,"href":"https:\/\/wellclinic.pl\/nb\/wp-json\/wp\/v2\/users\/15"}],"replies":[{"embeddable":true,"href":"https:\/\/wellclinic.pl\/nb\/wp-json\/wp\/v2\/comments?post=3211"}],"version-history":[{"count":6,"href":"https:\/\/wellclinic.pl\/nb\/wp-json\/wp\/v2\/pages\/3211\/revisions"}],"predecessor-version":[{"id":47806,"href":"https:\/\/wellclinic.pl\/nb\/wp-json\/wp\/v2\/pages\/3211\/revisions\/47806"}],"up":[{"embeddable":true,"href":"https:\/\/wellclinic.pl\/nb\/wp-json\/wp\/v2\/pages\/1194"}],"wp:featuredmedia":[{"embeddable":true,"href":"https:\/\/wellclinic.pl\/nb\/wp-json\/wp\/v2\/media\/5448"}],"wp:attachment":[{"href":"https:\/\/wellclinic.pl\/nb\/wp-json\/wp\/v2\/media?parent=3211"}],"curies":[{"name":"wp","href":"https:\/\/api.w.org\/{rel}","templated":true}]}}