{"id":782,"date":"2021-10-26T10:24:52","date_gmt":"2021-10-26T08:24:52","guid":{"rendered":"https:\/\/wellclinic.pl\/?page_id=782"},"modified":"2024-01-29T19:29:50","modified_gmt":"2024-01-29T18:29:50","slug":"%d0%bf%d1%80%d0%b0%d0%b2%d0%b8%d0%bb%d0%b0","status":"publish","type":"page","link":"https:\/\/wellclinic.pl\/ru\/regulamin\/","title":{"rendered":"\u041f\u0440\u0430\u0432\u0438\u043b\u0430"},"content":{"rendered":"<div data-elementor-type=\"wp-page\" data-elementor-id=\"782\" class=\"elementor elementor-782\" data-elementor-post-type=\"page\">\n\t\t\t\t\t\t<section class=\"elementor-section elementor-top-section elementor-element elementor-element-06eaee4 elementor-section-boxed elementor-section-height-default elementor-section-height-default jltma-glass-effect-no\" data-id=\"06eaee4\" data-element_type=\"section\" data-e-type=\"section\" data-settings=\"{&quot;background_background&quot;:&quot;classic&quot;}\">\n\t\t\t\t\t\t<div class=\"elementor-container elementor-column-gap-default\">\n\t\t\t\t\t<div class=\"elementor-column elementor-col-100 elementor-top-column elementor-element elementor-element-8248baf jltma-glass-effect-no\" data-id=\"8248baf\" data-element_type=\"column\" data-e-type=\"column\">\n\t\t\t<div class=\"elementor-widget-wrap elementor-element-populated\">\n\t\t\t\t\t\t<div class=\"elementor-element elementor-element-5388c44 jltma-glass-effect-no elementor-invisible elementor-widget elementor-widget-heading\" data-id=\"5388c44\" data-element_type=\"widget\" data-e-type=\"widget\" data-settings=\"{&quot;_animation&quot;:&quot;fadeIn&quot;}\" data-widget_type=\"heading.default\">\n\t\t\t\t<div class=\"elementor-widget-container\">\n\t\t\t\t\t<h2 class=\"elementor-heading-title elementor-size-default\">\u041f\u0440\u0430\u0432\u0438\u043b\u0430 \u0438 \u0443\u0441\u043b\u043e\u0432\u0438\u044f \u043f\u0440\u043e\u0434\u0430\u0436\u0438 - WellClinic<\/h2>\t\t\t\t<\/div>\n\t\t\t\t<\/div>\n\t\t\t\t\t<\/div>\n\t\t<\/div>\n\t\t\t\t\t<\/div>\n\t\t<\/section>\n\t\t\t\t<section class=\"elementor-section elementor-top-section elementor-element elementor-element-57e5ac5 elementor-section-boxed elementor-section-height-default elementor-section-height-default jltma-glass-effect-no\" data-id=\"57e5ac5\" data-element_type=\"section\" data-e-type=\"section\">\n\t\t\t\t\t\t<div class=\"elementor-container elementor-column-gap-default\">\n\t\t\t\t\t<div class=\"elementor-column elementor-col-100 elementor-top-column elementor-element elementor-element-accf7ea jltma-glass-effect-no\" data-id=\"accf7ea\" data-element_type=\"column\" data-e-type=\"column\">\n\t\t\t<div class=\"elementor-widget-wrap elementor-element-populated\">\n\t\t\t\t\t\t<div class=\"elementor-element elementor-element-90ba149 jltma-glass-effect-no elementor-widget elementor-widget-text-editor\" data-id=\"90ba149\" data-element_type=\"widget\" data-e-type=\"widget\" data-widget_type=\"text-editor.default\">\n\t\t\t\t<div class=\"elementor-widget-container\">\n\t\t\t\t\t\t\t\t\t<ul><li><h4><a href=\"https:\/\/wellclinic.pl\/wp-content\/uploads\/2024\/01\/Regulamin-.pdf\" target=\"_blank\" rel=\"noopener\"><em><strong>\u041f\u0440\u0430\u0432\u0438\u043b\u0430 \u0438 \u0443\u0441\u043b\u043e\u0432\u0438\u044f \u0438\u0441\u043f\u043e\u043b\u044c\u0437\u043e\u0432\u0430\u043d\u0438\u044f \u043f\u0440\u0435\u0434\u043b\u043e\u0436\u0435\u043d\u0438\u044f Wellclinic - \u0441\u043a\u0430\u0447\u0430\u0442\u044c<\/strong><\/em><\/a><\/h4><\/li><li><h4><a href=\"https:\/\/wellclinic.pl\/wp-content\/uploads\/2023\/02\/Procedura-udostepniania-dokumentacji-zabiegowej-klientow-kliniki-Wellclinic.docx-2.pdf\"><em><strong>\u041f\u0440\u043e\u0446\u0435\u0434\u0443\u0440\u0430 \u043e\u0431\u043c\u0435\u043d\u0430 \u0437\u0430\u043f\u0438\u0441\u044f\u043c\u0438 \u043e \u043b\u0435\u0447\u0435\u043d\u0438\u0438 \u043a\u043b\u0438\u0435\u043d\u0442\u043e\u0432 Wellclinic - \u0441\u043a\u0430\u0447\u0430\u0442\u044c<\/strong><\/em><\/a><\/h4><\/li><li><h4><a href=\"https:\/\/wellclinic.pl\/wp-content\/uploads\/2023\/02\/Regulamin-platnosci-online.docx-1.pdf\"><em><strong>\u0423\u0441\u043b\u043e\u0432\u0438\u044f \u0438 \u043f\u043e\u043b\u043e\u0436\u0435\u043d\u0438\u044f \u0434\u043b\u044f \u043e\u043d\u043b\u0430\u0439\u043d-\u043f\u043b\u0430\u0442\u0435\u0436\u0435\u0439 - \u0441\u043a\u0430\u0447\u0430\u0442\u044c<\/strong><\/em><\/a><\/h4><\/li><li><h4><a href=\"https:\/\/wellclinic.pl\/wp-content\/uploads\/2023\/02\/Regulamin-Voucherow-Wellclinic.docx-1.pdf\"><em><strong>\u041f\u043e\u043b\u043e\u0436\u0435\u043d\u0438\u0435 \u043e \u0432\u0430\u0443\u0447\u0435\u0440\u0430\u0445 Wellclinic - \u0441\u043a\u0430\u0447\u0430\u0442\u044c<\/strong><\/em><\/a><\/h4><\/li><\/ul>\t\t\t\t\t\t\t\t<\/div>\n\t\t\t\t<\/div>\n\t\t\t\t\t<\/div>\n\t\t<\/div>\n\t\t\t\t\t<\/div>\n\t\t<\/section>\n\t\t\t\t<\/div>","protected":false},"excerpt":{"rendered":"<p>\u0423\u0441\u043b\u043e\u0432\u0438\u044f \u043f\u0440\u043e\u0434\u0430\u0436\u0438 - WellClinic \u0423\u0441\u043b\u043e\u0432\u0438\u044f \u0438\u0441\u043f\u043e\u043b\u044c\u0437\u043e\u0432\u0430\u043d\u0438\u044f \u043f\u0440\u0435\u0434\u043b\u043e\u0436\u0435\u043d\u0438\u044f Wellclinic - \u0441\u043a\u0430\u0447\u0430\u0442\u044c \u041f\u0440\u043e\u0446\u0435\u0434\u0443\u0440\u0430 \u043e\u0431\u043c\u0435\u043d\u0430 \u0437\u0430\u043f\u0438\u0441\u044f\u043c\u0438 \u043e \u043b\u0435\u0447\u0435\u043d\u0438\u0438 \u043a\u043b\u0438\u0435\u043d\u0442\u043e\u0432 Wellclinic - \u0441\u043a\u0430\u0447\u0430\u0442\u044c \u0423\u0441\u043b\u043e\u0432\u0438\u044f \u043e\u043d\u043b\u0430\u0439\u043d-\u043e\u043f\u043b\u0430\u0442\u044b - \u0441\u043a\u0430\u0447\u0430\u0442\u044c \u0423\u0441\u043b\u043e\u0432\u0438\u044f \u043f\u0440\u0435\u0434\u043e\u0441\u0442\u0430\u0432\u043b\u0435\u043d\u0438\u044f \u0432\u0430\u0443\u0447\u0435\u0440\u043e\u0432 Wellclinic - \u0441\u043a\u0430\u0447\u0430\u0442\u044c<\/p>","protected":false},"author":15,"featured_media":1024,"parent":0,"menu_order":0,"comment_status":"closed","ping_status":"closed","template":"","meta":{"_acf_changed":false,"footnotes":""},"class_list":["post-782","page","type-page","status-publish","has-post-thumbnail","hentry"],"acf":[],"yoast_head":"<!-- This site is optimized with the Yoast SEO Premium plugin v21.1 (Yoast SEO v27.4) - https:\/\/yoast.com\/product\/yoast-seo-premium-wordpress\/ -->\n<title>Regulamin kliniki medycznej Wellclinic | Warszawa i Gda\u0144sk<\/title>\n<meta name=\"description\" content=\"Regulamin kliniki medycyny estetycznej Wellclinic w Warszawie i Gda\u0144sku. Do\u015bwiadczeni lekarze, zabiegi odchudzaj\u0105ce i modeluj\u0105ce\" \/>\n<meta name=\"robots\" content=\"index, follow, max-snippet:-1, max-image-preview:large, max-video-preview:-1\" \/>\n<link rel=\"canonical\" href=\"https:\/\/wellclinic.pl\/ru\/\u043f\u0440\u0430\u0432\u0438\u043b\u0430\/\" \/>\n<meta property=\"og:locale\" content=\"ru_RU\" \/>\n<meta property=\"og:type\" content=\"article\" \/>\n<meta property=\"og:title\" content=\"Regulamin\" \/>\n<meta property=\"og:description\" content=\"Regulamin kliniki medycyny estetycznej Wellclinic w Warszawie i Gda\u0144sku. Do\u015bwiadczeni lekarze, zabiegi odchudzaj\u0105ce i modeluj\u0105ce\" \/>\n<meta property=\"og:url\" content=\"https:\/\/wellclinic.pl\/ru\/\u043f\u0440\u0430\u0432\u0438\u043b\u0430\/\" \/>\n<meta property=\"og:site_name\" content=\"Wellclinic\" \/>\n<meta property=\"article:modified_time\" content=\"2024-01-29T18:29:50+00:00\" \/>\n<meta property=\"og:image\" content=\"https:\/\/wellclinic.pl\/wp-content\/uploads\/2021\/10\/PHOTO-2019-09-21-17-53-09.jpg\" \/>\n\t<meta property=\"og:image:width\" content=\"1600\" \/>\n\t<meta property=\"og:image:height\" content=\"1064\" \/>\n\t<meta property=\"og:image:type\" content=\"image\/jpeg\" \/>\n<meta name=\"twitter:card\" content=\"summary_large_image\" \/>\n<meta name=\"twitter:label1\" content=\"\u041f\u0440\u0438\u043c\u0435\u0440\u043d\u043e\u0435 \u0432\u0440\u0435\u043c\u044f \u0434\u043b\u044f \u0447\u0442\u0435\u043d\u0438\u044f\" \/>\n\t<meta name=\"twitter:data1\" content=\"1 \u043c\u0438\u043d\u0443\u0442\u0430\" \/>\n<script type=\"application\/ld+json\" class=\"yoast-schema-graph\">{\"@context\":\"https:\\\/\\\/schema.org\",\"@graph\":[{\"@type\":\"WebPage\",\"@id\":\"https:\\\/\\\/wellclinic.pl\\\/ru\\\/%d0%bf%d1%80%d0%b0%d0%b2%d0%b8%d0%bb%d0%b0\\\/\",\"url\":\"https:\\\/\\\/wellclinic.pl\\\/ru\\\/%d0%bf%d1%80%d0%b0%d0%b2%d0%b8%d0%bb%d0%b0\\\/\",\"name\":\"Regulamin kliniki medycznej Wellclinic | Warszawa i Gda\u0144sk\",\"isPartOf\":{\"@id\":\"https:\\\/\\\/wellclinic.pl\\\/#website\"},\"primaryImageOfPage\":{\"@id\":\"https:\\\/\\\/wellclinic.pl\\\/ru\\\/%d0%bf%d1%80%d0%b0%d0%b2%d0%b8%d0%bb%d0%b0\\\/#primaryimage\"},\"image\":{\"@id\":\"https:\\\/\\\/wellclinic.pl\\\/ru\\\/%d0%bf%d1%80%d0%b0%d0%b2%d0%b8%d0%bb%d0%b0\\\/#primaryimage\"},\"thumbnailUrl\":\"https:\\\/\\\/wellclinic.pl\\\/wp-content\\\/uploads\\\/2021\\\/10\\\/PHOTO-2019-09-21-17-53-09.jpg\",\"datePublished\":\"2021-10-26T08:24:52+00:00\",\"dateModified\":\"2024-01-29T18:29:50+00:00\",\"description\":\"Regulamin kliniki medycyny estetycznej Wellclinic w Warszawie i Gda\u0144sku. Do\u015bwiadczeni lekarze, zabiegi odchudzaj\u0105ce i modeluj\u0105ce\",\"breadcrumb\":{\"@id\":\"https:\\\/\\\/wellclinic.pl\\\/ru\\\/%d0%bf%d1%80%d0%b0%d0%b2%d0%b8%d0%bb%d0%b0\\\/#breadcrumb\"},\"inLanguage\":\"ru-RU\",\"potentialAction\":[{\"@type\":\"ReadAction\",\"target\":[\"https:\\\/\\\/wellclinic.pl\\\/ru\\\/%d0%bf%d1%80%d0%b0%d0%b2%d0%b8%d0%bb%d0%b0\\\/\"]}]},{\"@type\":\"ImageObject\",\"inLanguage\":\"ru-RU\",\"@id\":\"https:\\\/\\\/wellclinic.pl\\\/ru\\\/%d0%bf%d1%80%d0%b0%d0%b2%d0%b8%d0%bb%d0%b0\\\/#primaryimage\",\"url\":\"https:\\\/\\\/wellclinic.pl\\\/wp-content\\\/uploads\\\/2021\\\/10\\\/PHOTO-2019-09-21-17-53-09.jpg\",\"contentUrl\":\"https:\\\/\\\/wellclinic.pl\\\/wp-content\\\/uploads\\\/2021\\\/10\\\/PHOTO-2019-09-21-17-53-09.jpg\",\"width\":1600,\"height\":1064,\"caption\":\"Regulamin kliniki medycznej Wellclinic - ul. Kolejowa 49a\\\/U9 Warszawa\"},{\"@type\":\"BreadcrumbList\",\"@id\":\"https:\\\/\\\/wellclinic.pl\\\/ru\\\/%d0%bf%d1%80%d0%b0%d0%b2%d0%b8%d0%bb%d0%b0\\\/#breadcrumb\",\"itemListElement\":[{\"@type\":\"ListItem\",\"position\":1,\"name\":\"Strona g\u0142\u00f3wna\",\"item\":\"https:\\\/\\\/wellclinic.pl\\\/\"},{\"@type\":\"ListItem\",\"position\":2,\"name\":\"Regulamin\"}]},{\"@type\":\"WebSite\",\"@id\":\"https:\\\/\\\/wellclinic.pl\\\/#website\",\"url\":\"https:\\\/\\\/wellclinic.pl\\\/\",\"name\":\"Wellclinic Klinika Medycyny Estetycznej - Warszawa i Gda\u0144sk\",\"description\":\"Klinika Medycyny Estetycznej - Warszawa i Gda\u0144sk\",\"potentialAction\":[{\"@type\":\"SearchAction\",\"target\":{\"@type\":\"EntryPoint\",\"urlTemplate\":\"https:\\\/\\\/wellclinic.pl\\\/?s={search_term_string}\"},\"query-input\":{\"@type\":\"PropertyValueSpecification\",\"valueRequired\":true,\"valueName\":\"search_term_string\"}}],\"inLanguage\":\"ru-RU\"}]}<\/script>\n<!-- \/ Yoast SEO Premium plugin. -->","yoast_head_json":{"title":"\u041f\u0440\u0430\u0432\u0438\u043b\u0430 \u043c\u0435\u0434\u0438\u0446\u0438\u043d\u0441\u043a\u043e\u0439 \u043a\u043b\u0438\u043d\u0438\u043a\u0438 Wellclinic | \u0412\u0430\u0440\u0448\u0430\u0432\u0430 \u0438 \u0413\u0434\u0430\u043d\u044c\u0441\u043a","description":"\u041f\u0440\u0430\u0432\u0438\u043b\u0430 \u043a\u043b\u0438\u043d\u0438\u043a\u0438 \u044d\u0441\u0442\u0435\u0442\u0438\u0447\u0435\u0441\u043a\u043e\u0439 \u043c\u0435\u0434\u0438\u0446\u0438\u043d\u044b Wellclinic \u0432 \u0412\u0430\u0440\u0448\u0430\u0432\u0435 \u0438 \u0413\u0434\u0430\u043d\u044c\u0441\u043a\u0435. \u041e\u043f\u044b\u0442\u043d\u044b\u0435 \u0432\u0440\u0430\u0447\u0438, \u043f\u0440\u043e\u0446\u0435\u0434\u0443\u0440\u044b \u0434\u043b\u044f \u043f\u043e\u0445\u0443\u0434\u0435\u043d\u0438\u044f \u0438 \u043c\u043e\u0434\u0435\u043b\u0438\u0440\u043e\u0432\u0430\u043d\u0438\u044f","robots":{"index":"index","follow":"follow","max-snippet":"max-snippet:-1","max-image-preview":"max-image-preview:large","max-video-preview":"max-video-preview:-1"},"canonical":"https:\/\/wellclinic.pl\/ru\/\u043f\u0440\u0430\u0432\u0438\u043b\u0430\/","og_locale":"ru_RU","og_type":"article","og_title":"Regulamin","og_description":"Regulamin kliniki medycyny estetycznej Wellclinic w Warszawie i Gda\u0144sku. Do\u015bwiadczeni lekarze, zabiegi odchudzaj\u0105ce i modeluj\u0105ce","og_url":"https:\/\/wellclinic.pl\/ru\/\u043f\u0440\u0430\u0432\u0438\u043b\u0430\/","og_site_name":"Wellclinic","article_modified_time":"2024-01-29T18:29:50+00:00","og_image":[{"width":1600,"height":1064,"url":"https:\/\/wellclinic.pl\/wp-content\/uploads\/2021\/10\/PHOTO-2019-09-21-17-53-09.jpg","type":"image\/jpeg"}],"twitter_card":"summary_large_image","twitter_misc":{"\u041f\u0440\u0438\u043c\u0435\u0440\u043d\u043e\u0435 \u0432\u0440\u0435\u043c\u044f \u0434\u043b\u044f \u0447\u0442\u0435\u043d\u0438\u044f":"1 \u043c\u0438\u043d\u0443\u0442\u0430"},"schema":{"@context":"https:\/\/schema.org","@graph":[{"@type":"WebPage","@id":"https:\/\/wellclinic.pl\/ru\/%d0%bf%d1%80%d0%b0%d0%b2%d0%b8%d0%bb%d0%b0\/","url":"https:\/\/wellclinic.pl\/ru\/%d0%bf%d1%80%d0%b0%d0%b2%d0%b8%d0%bb%d0%b0\/","name":"\u041f\u0440\u0430\u0432\u0438\u043b\u0430 \u043c\u0435\u0434\u0438\u0446\u0438\u043d\u0441\u043a\u043e\u0439 \u043a\u043b\u0438\u043d\u0438\u043a\u0438 Wellclinic | \u0412\u0430\u0440\u0448\u0430\u0432\u0430 \u0438 \u0413\u0434\u0430\u043d\u044c\u0441\u043a","isPartOf":{"@id":"https:\/\/wellclinic.pl\/#website"},"primaryImageOfPage":{"@id":"https:\/\/wellclinic.pl\/ru\/%d0%bf%d1%80%d0%b0%d0%b2%d0%b8%d0%bb%d0%b0\/#primaryimage"},"image":{"@id":"https:\/\/wellclinic.pl\/ru\/%d0%bf%d1%80%d0%b0%d0%b2%d0%b8%d0%bb%d0%b0\/#primaryimage"},"thumbnailUrl":"https:\/\/wellclinic.pl\/wp-content\/uploads\/2021\/10\/PHOTO-2019-09-21-17-53-09.jpg","datePublished":"2021-10-26T08:24:52+00:00","dateModified":"2024-01-29T18:29:50+00:00","description":"\u041f\u0440\u0430\u0432\u0438\u043b\u0430 \u043a\u043b\u0438\u043d\u0438\u043a\u0438 \u044d\u0441\u0442\u0435\u0442\u0438\u0447\u0435\u0441\u043a\u043e\u0439 \u043c\u0435\u0434\u0438\u0446\u0438\u043d\u044b Wellclinic \u0432 \u0412\u0430\u0440\u0448\u0430\u0432\u0435 \u0438 \u0413\u0434\u0430\u043d\u044c\u0441\u043a\u0435. \u041e\u043f\u044b\u0442\u043d\u044b\u0435 \u0432\u0440\u0430\u0447\u0438, \u043f\u0440\u043e\u0446\u0435\u0434\u0443\u0440\u044b \u0434\u043b\u044f \u043f\u043e\u0445\u0443\u0434\u0435\u043d\u0438\u044f \u0438 \u043c\u043e\u0434\u0435\u043b\u0438\u0440\u043e\u0432\u0430\u043d\u0438\u044f","breadcrumb":{"@id":"https:\/\/wellclinic.pl\/ru\/%d0%bf%d1%80%d0%b0%d0%b2%d0%b8%d0%bb%d0%b0\/#breadcrumb"},"inLanguage":"ru-RU","potentialAction":[{"@type":"ReadAction","target":["https:\/\/wellclinic.pl\/ru\/%d0%bf%d1%80%d0%b0%d0%b2%d0%b8%d0%bb%d0%b0\/"]}]},{"@type":"ImageObject","inLanguage":"ru-RU","@id":"https:\/\/wellclinic.pl\/ru\/%d0%bf%d1%80%d0%b0%d0%b2%d0%b8%d0%bb%d0%b0\/#primaryimage","url":"https:\/\/wellclinic.pl\/wp-content\/uploads\/2021\/10\/PHOTO-2019-09-21-17-53-09.jpg","contentUrl":"https:\/\/wellclinic.pl\/wp-content\/uploads\/2021\/10\/PHOTO-2019-09-21-17-53-09.jpg","width":1600,"height":1064,"caption":"Regulamin kliniki medycznej Wellclinic - ul. Kolejowa 49a\/U9 Warszawa"},{"@type":"BreadcrumbList","@id":"https:\/\/wellclinic.pl\/ru\/%d0%bf%d1%80%d0%b0%d0%b2%d0%b8%d0%bb%d0%b0\/#breadcrumb","itemListElement":[{"@type":"ListItem","position":1,"name":"Strona g\u0142\u00f3wna","item":"https:\/\/wellclinic.pl\/"},{"@type":"ListItem","position":2,"name":"Regulamin"}]},{"@type":"WebSite","@id":"https:\/\/wellclinic.pl\/#website","url":"https:\/\/wellclinic.pl\/","name":"\u041a\u043b\u0438\u043d\u0438\u043a\u0430 \u044d\u0441\u0442\u0435\u0442\u0438\u0447\u0435\u0441\u043a\u043e\u0439 \u043c\u0435\u0434\u0438\u0446\u0438\u043d\u044b Wellclinic - \u0412\u0430\u0440\u0448\u0430\u0432\u0430 \u0438 \u0413\u0434\u0430\u043d\u044c\u0441\u043a","description":"\u041a\u043b\u0438\u043d\u0438\u043a\u0430 \u044d\u0441\u0442\u0435\u0442\u0438\u0447\u0435\u0441\u043a\u043e\u0439 \u043c\u0435\u0434\u0438\u0446\u0438\u043d\u044b - \u0412\u0430\u0440\u0448\u0430\u0432\u0430 \u0438 \u0413\u0434\u0430\u043d\u044c\u0441\u043a","potentialAction":[{"@type":"SearchAction","target":{"@type":"EntryPoint","urlTemplate":"https:\/\/wellclinic.pl\/?s={search_term_string}"},"query-input":{"@type":"PropertyValueSpecification","valueRequired":true,"valueName":"search_term_string"}}],"inLanguage":"ru-RU"}]}},"_links":{"self":[{"href":"https:\/\/wellclinic.pl\/ru\/wp-json\/wp\/v2\/pages\/782","targetHints":{"allow":["GET"]}}],"collection":[{"href":"https:\/\/wellclinic.pl\/ru\/wp-json\/wp\/v2\/pages"}],"about":[{"href":"https:\/\/wellclinic.pl\/ru\/wp-json\/wp\/v2\/types\/page"}],"author":[{"embeddable":true,"href":"https:\/\/wellclinic.pl\/ru\/wp-json\/wp\/v2\/users\/15"}],"replies":[{"embeddable":true,"href":"https:\/\/wellclinic.pl\/ru\/wp-json\/wp\/v2\/comments?post=782"}],"version-history":[{"count":0,"href":"https:\/\/wellclinic.pl\/ru\/wp-json\/wp\/v2\/pages\/782\/revisions"}],"wp:featuredmedia":[{"embeddable":true,"href":"https:\/\/wellclinic.pl\/ru\/wp-json\/wp\/v2\/media\/1024"}],"wp:attachment":[{"href":"https:\/\/wellclinic.pl\/ru\/wp-json\/wp\/v2\/media?parent=782"}],"curies":[{"name":"wp","href":"https:\/\/api.w.org\/{rel}","templated":true}]}}